{"id":2085,"date":"2023-11-06T15:32:41","date_gmt":"2023-11-06T20:32:41","guid":{"rendered":"https:\/\/jiafoundationmtl.org\/la-maison-du-quartier-chinois\/"},"modified":"2026-02-13T01:30:10","modified_gmt":"2026-02-13T06:30:10","slug":"maisonduquartierchinois","status":"publish","type":"page","link":"https:\/\/jiafoundationmtl.org\/fr\/maisonduquartierchinois\/","title":{"rendered":"La Maison du Quartier chinois"},"content":{"rendered":"\n<div class=\"wp-block-cover alignfull is-light\" style=\"border-style:none;border-width:0px;border-radius:0px;margin-top:0;margin-bottom:0;padding-top:5vw;padding-right:5vw;padding-bottom:5vw;padding-left:5vw;min-height:794px;aspect-ratio:unset;\"><span aria-hidden=\"true\" class=\"wp-block-cover__background has-background-dim-100 has-background-dim\" style=\"background-color:#e15c5c\"><\/span><div class=\"wp-block-cover__inner-container is-layout-flow wp-container-core-cover-is-layout-1ff0d4dc wp-block-cover-is-layout-flow\">\n<div class=\"wp-block-group wp-container-content-9cfa9a5a is-layout-constrained wp-container-core-group-is-layout-a1274fd4 wp-block-group-is-layout-constrained\">\n<div style=\"height:100px\" aria-hidden=\"true\" class=\"wp-block-spacer\"><\/div>\n\n\n\n<h2 class=\"wp-block-heading alignwide has-text-align-center has-white-color has-text-color\" style=\"padding-left:32px;font-size:clamp(24.034px, 1.502rem + ((1vw - 3.2px) * 1.247), 40px);font-style:normal;font-weight:400;letter-spacing:10px;line-height:1.4;text-transform:uppercase\">LA MAISON DU QUARTIER CHINOIS<\/h2>\n\n\n\n<figure class=\"wp-block-image aligncenter size-full is-resized is-style-default wp-duotone-000000-ffffff-1\"><img loading=\"lazy\" decoding=\"async\" width=\"800\" height=\"600\" src=\"https:\/\/jiafoundationmtl.org\/wp-content\/uploads\/Chinatown-House-Mcconnell-2-Resized.jpg\" alt=\"\" class=\"wp-image-2995\" style=\"width:520px;height:auto\" srcset=\"https:\/\/jiafoundationmtl.org\/wp-content\/uploads\/Chinatown-House-Mcconnell-2-Resized.jpg 800w, https:\/\/jiafoundationmtl.org\/wp-content\/uploads\/Chinatown-House-Mcconnell-2-Resized-300x225.jpg 300w, https:\/\/jiafoundationmtl.org\/wp-content\/uploads\/Chinatown-House-Mcconnell-2-Resized-768x576.jpg 768w\" sizes=\"auto, (max-width: 800px) 100vw, 800px\" \/><\/figure>\n\n\n\n<div style=\"height:48px\" aria-hidden=\"true\" class=\"wp-block-spacer\"><\/div>\n<\/div>\n\n\n\n<h5 class=\"wp-block-heading has-text-align-center\">est un nouvel espace au Quartier chinois de Montr\u00e9al qui offre des conf\u00e9rences et des \u00e9v\u00e8nements socio-culturels en collaboration avec nos partenaires et nos alli\u00e9s, <span style=\"color: #ffffff;\" class=\"stk-highlight\">qui permet \u00e0 tous.tes l\u2019occasion de participer \u00e0 l\u2019innovation sociale pour cr\u00e9er et renforcer des liens au sein de notre quartier.<\/span><\/h5>\n<\/div><\/div>\n\n<div class=\"wp-block-columns alignfull is-layout-flex wp-container-core-columns-is-layout-ce2151f2 wp-block-columns-is-layout-flex\" style=\"border-style:none;border-width:0px;border-radius:0px;margin-bottom:0;padding-top:0;padding-right:0;padding-bottom:0;padding-left:0\">\n<div class=\"wp-block-column has-text-color has-background has-link-color wp-elements-3cda41a061e2ddcce614007bceb8ed4a is-layout-flow wp-block-column-is-layout-flow\" style=\"color:#000000;background-color:#ffe97d;padding-top:2em;padding-right:2em;padding-bottom:2em;padding-left:2em\">\n<h2 class=\"wp-block-heading\" id=\"single\" style=\"font-size:clamp(24.034px, 1.502rem + ((1vw - 3.2px) * 1.247), 40px);\">Un espace culturel<\/h2>\n\n\n\n<p class=\"has-normal-font-size\" style=\"line-height:1.5\">Pour des \u00e9v\u00e8nements et des shows.<\/p>\n<\/div>\n\n\n\n<div class=\"wp-block-column has-text-color has-background has-link-color wp-elements-b786b7637c3b357b7900c91a1161d4cb is-layout-flow wp-block-column-is-layout-flow\" style=\"color:#000000;background-color:#d1d1e1;padding-top:2em;padding-right:2em;padding-bottom:2em;padding-left:2em\">\n<h2 class=\"wp-block-heading\" id=\"family\" style=\"font-size:clamp(24.034px, 1.502rem + ((1vw - 3.2px) * 1.247), 40px);\">Un noyau communautaire<\/h2>\n\n\n\n<p class=\"has-normal-font-size\" style=\"line-height:1.5\">pour nos alli\u00e9s, les membres de notre communaut\u00e9 et les r\u00e9sidents.<\/p>\n<\/div>\n\n\n\n<div class=\"wp-block-column has-text-color has-background has-link-color wp-elements-4a3302e7d853221123dc7cb234c7ba49 is-layout-flow wp-block-column-is-layout-flow\" style=\"color:#000000;background-color:#c0ebf1;padding-top:2em;padding-right:2em;padding-bottom:2em;padding-left:2em\">\n<h2 class=\"wp-block-heading\" id=\"patron\" style=\"font-size:clamp(24.034px, 1.502rem + ((1vw - 3.2px) * 1.247), 40px);\">Un \u00e9cosyst\u00e8me<\/h2>\n\n\n\n<p class=\"has-normal-font-size\">pour l&rsquo;incubation de nouvelles id\u00e9es et visions pour le Quartier chinois.<\/p>\n<\/div>\n<\/div>\n\n<div class=\"wp-block-media-text alignfull is-stacked-on-mobile is-vertically-aligned-center is-image-fill-element\" style=\"grid-template-columns:64% auto\"><figure class=\"wp-block-media-text__media\"><img loading=\"lazy\" decoding=\"async\" width=\"1024\" height=\"701\" src=\"https:\/\/jiafoundationmtl.org\/wp-content\/uploads\/\/5.-Preview-75ppi-crop-1800-1024x701.jpg\" alt=\"\" class=\"wp-image-2072 size-full\" style=\"object-position:50% 50%\" srcset=\"https:\/\/jiafoundationmtl.org\/wp-content\/uploads\/5.-Preview-75ppi-crop-1800-1024x701.jpg 1024w, https:\/\/jiafoundationmtl.org\/wp-content\/uploads\/5.-Preview-75ppi-crop-1800-300x206.jpg 300w, https:\/\/jiafoundationmtl.org\/wp-content\/uploads\/5.-Preview-75ppi-crop-1800-768x526.jpg 768w, https:\/\/jiafoundationmtl.org\/wp-content\/uploads\/5.-Preview-75ppi-crop-1800-1536x1052.jpg 1536w, https:\/\/jiafoundationmtl.org\/wp-content\/uploads\/5.-Preview-75ppi-crop-1800.jpg 1800w\" sizes=\"auto, (max-width: 1024px) 100vw, 1024px\" \/><\/figure><div class=\"wp-block-media-text__content\">\n<div style=\"height:10px\" aria-hidden=\"true\" class=\"wp-block-spacer\"><\/div>\n\n\n\n<h2 class=\"wp-block-heading\">CONCEPT<\/h2>\n\n\n\n<p style=\"padding-top:0;padding-right:var(--wp--preset--spacing--20);padding-bottom:0;padding-left:var(--wp--preset--spacing--20)\">En r\u00e9ponse \u00e0 l&rsquo;\u00e9volution du quartier, la Maison du Quartier chinois de Montr\u00e9al n&rsquo;est pas une entit\u00e9 statique. Au contraire, elle r\u00e9unit (\u5718\u7d50) les ressources existantes et les nouveaux partenariats <strong>pour former un ruban continu d&rsquo;initiatives qui s&rsquo;\u00e9tendent au-del\u00e0 des limites actuelles du Quartier chinois.<\/strong> Pour ce faire, la Maison du Quartier chinois de Montr\u00e9al transcende les portes existantes du quartier chinois, qui ont \u00e9t\u00e9 construites \u00e0 l&rsquo;\u00e9poque de l&rsquo;expropriation pour d\u00e9limiter les fronti\u00e8res de la communaut\u00e9.<\/p>\n\n\n\n<p style=\"padding-right:var(--wp--preset--spacing--20);padding-left:var(--wp--preset--spacing--20)\"><strong>Gr\u00e2ce \u00e0 cette vision, la Maison du Quartier chinois \u00e9merge en tant qu&rsquo;\u00e9cosyst\u00e8me socioculturel dynamique, se d\u00e9ployant \u00e0 travers diff\u00e9rents temps et lieux.<\/strong><\/p>\n\n\n\n<div class=\"wp-block-stackable-button-group stk-block-button-group stk-block stk-c5205fb\" data-block-id=\"c5205fb\"><div class=\"stk-row stk-inner-blocks stk-block-content stk-button-group\">\n<div class=\"wp-block-stackable-button stk-block-button stk-block stk-e0224dc\" data-block-id=\"e0224dc\"><style>.stk-e0224dc .stk-button{padding-right:6px !important;padding-left:6px !important;}<\/style><a class=\"stk-link stk-button stk--hover-effect-darken\" href=\"https:\/\/jiafoundationmtl.org\/wp-content\/uploads\/4.-Print-PDF-Preview-100ppi.pdf\" target=\"_blank\" rel=\"noreferrer noopener\"><span class=\"stk-button__inner-text\">T\u00e9l\u00e9charger la fiche conceptuelle d\u00e9velopp\u00e9e par Justin Ng (PDF, 19 Mo)<\/span><\/a><\/div>\n<\/div><\/div>\n<\/div><\/div>\n\n<div class=\"wp-block-cover alignfull is-light wp-duotone-rgb96079-rgb2259292-2\" style=\"margin-top:0;padding-top:48px;padding-right:48px;padding-bottom:48px;padding-left:48px;min-height:55vh;aspect-ratio:unset;\"><img loading=\"lazy\" decoding=\"async\" width=\"750\" height=\"1000\" class=\"wp-block-cover__image-background wp-image-1991\" alt=\"\" src=\"https:\/\/jiafoundationmtl.org\/wp-content\/uploads\/workshops-4591-RCheng-Resized.jpg\" style=\"object-position:78% 50%\" data-object-fit=\"cover\" data-object-position=\"78% 50%\"\/><span aria-hidden=\"true\" class=\"wp-block-cover__background has-background-dim-20 has-background-dim\"><\/span><div class=\"wp-block-cover__inner-container is-layout-flow wp-block-cover-is-layout-flow\">\n<div class=\"wp-block-group is-content-justification-left is-layout-constrained wp-container-core-group-is-layout-0b562c1c wp-block-group-is-layout-constrained\">\n<h2 class=\"wp-block-heading has-text-align-left has-white-color has-text-color\" style=\"font-size:clamp(21.536px, 1.346rem + ((1vw - 3.2px) * 1.052), 35px);font-style:normal;font-weight:700;letter-spacing:0px;line-height:1;text-transform:uppercase\">Calendrier<\/h2>\n\n\n\n<div style=\"height:100px\" aria-hidden=\"true\" class=\"wp-block-spacer\"><\/div>\n\n\n\n<div class=\"wp-block-stackable-button-group stk-block-button-group stk-block stk-cb11298\" data-block-id=\"cb11298\"><div class=\"stk-row stk-inner-blocks stk-block-content stk-button-group\">\n<div class=\"wp-block-stackable-button stk-block-button stk-block stk-a72ef2a\" data-block-id=\"a72ef2a\"><a class=\"stk-link stk-button stk--hover-effect-darken\" href=\"https:\/\/jiafoundationmtl.org\/events\/\"><span class=\"stk-button__inner-text\">Voir les prochains \u00e9v\u00e8nements<\/span><\/a><\/div>\n<\/div><\/div>\n<\/div>\n\n\n\n<div style=\"height:72px\" aria-hidden=\"true\" class=\"wp-block-spacer\"><\/div>\n<\/div><\/div>\n\n<h2 class=\"wp-block-heading\" id=\"featured\">EN VEDETTE<\/h2>\n\n<h2 class=\"wp-block-heading has-text-align-center\">Lancement de l&rsquo;exposition Fabriqu\u00e9es au Quartier chinois<\/h2>\n\n<div class=\"wp-block-media-text is-stacked-on-mobile\"><figure class=\"wp-block-media-text__media\"><img loading=\"lazy\" decoding=\"async\" width=\"662\" height=\"1024\" src=\"https:\/\/jiafoundationmtl.org\/wp-content\/uploads\/\/2026-MadeinChinatownPtII-ExhibitPosters-11x17-single-Resized-662x1024.jpg\" alt=\"\" class=\"wp-image-4287 size-full\" srcset=\"https:\/\/jiafoundationmtl.org\/wp-content\/uploads\/2026-MadeinChinatownPtII-ExhibitPosters-11x17-single-Resized-662x1024.jpg 662w, https:\/\/jiafoundationmtl.org\/wp-content\/uploads\/2026-MadeinChinatownPtII-ExhibitPosters-11x17-single-Resized-194x300.jpg 194w, https:\/\/jiafoundationmtl.org\/wp-content\/uploads\/2026-MadeinChinatownPtII-ExhibitPosters-11x17-single-Resized-768x1187.jpg 768w, https:\/\/jiafoundationmtl.org\/wp-content\/uploads\/2026-MadeinChinatownPtII-ExhibitPosters-11x17-single-Resized-994x1536.jpg 994w, https:\/\/jiafoundationmtl.org\/wp-content\/uploads\/2026-MadeinChinatownPtII-ExhibitPosters-11x17-single-Resized.jpg 1035w\" sizes=\"auto, (max-width: 662px) 100vw, 662px\" \/><\/figure><div class=\"wp-block-media-text__content\">\n<p>La Fondation JIA vous invite au lancement de notre deuxi\u00e8me exposition \u00e0 la Maison du Quartier chinois, \u00e0 l\u2019affiche \u00e0 partir du 17 janvier 2026. <\/p>\n\n\n\n<p><em>Fabriqu\u00e9es au Quartier chinois II<\/em> raconte l&rsquo;histoire de quatre commerces importants du Quartier chinois. Des photos et vid\u00e9os intimes et cr\u00e9\u00e9es avec soin vous permettront de d\u00e9couvrir les univers de <strong>Julie<\/strong>, la propri\u00e9taire sociable d&rsquo;un salon de coiffure sur la rue Clark, trois g\u00e9n\u00e9rations de <strong>la famille Hui<\/strong> et leur herboristerie de m\u00e9decine traditionnelle chinoise, <strong>M. Wang<\/strong>, un artiste visuel humble mais extr\u00eamement talentueux, et <strong>M. Kwan un Candy<\/strong>, le duo p\u00e8re-fille \u00e0 l&rsquo;origine d&rsquo;un des restaurants de style cantonais les plus fr\u00e9quent\u00e9s du quartier. <\/p>\n\n\n\n<p><strong>Cette exposition est gratuite et sera accessible au public les samedis et dimanches, de 11h \u00e0 16h, du 17 janvier au 10 mai.<\/strong><\/p>\n<\/div><\/div>\n\n<div class=\"wp-block-cover alignfull is-light wp-duotone-094850-rgba1735063065-3\" style=\"margin-top:0;margin-bottom:0;padding-top:39px;padding-right:39px;padding-bottom:39px;padding-left:39px;min-height:350px;aspect-ratio:unset;\"><img loading=\"lazy\" decoding=\"async\" width=\"2560\" height=\"1945\" class=\"wp-block-cover__image-background wp-image-1729\" alt=\"\" src=\"https:\/\/jiafoundationmtl.org\/wp-content\/uploads\/153AF89B-FC0D-4FA6-A371-159E972E903C-scaled.jpg\" data-object-fit=\"cover\" srcset=\"https:\/\/jiafoundationmtl.org\/wp-content\/uploads\/153AF89B-FC0D-4FA6-A371-159E972E903C-scaled.jpg 2560w, https:\/\/jiafoundationmtl.org\/wp-content\/uploads\/153AF89B-FC0D-4FA6-A371-159E972E903C-300x228.jpg 300w, https:\/\/jiafoundationmtl.org\/wp-content\/uploads\/153AF89B-FC0D-4FA6-A371-159E972E903C-1024x778.jpg 1024w, https:\/\/jiafoundationmtl.org\/wp-content\/uploads\/153AF89B-FC0D-4FA6-A371-159E972E903C-768x583.jpg 768w, https:\/\/jiafoundationmtl.org\/wp-content\/uploads\/153AF89B-FC0D-4FA6-A371-159E972E903C-1536x1167.jpg 1536w, https:\/\/jiafoundationmtl.org\/wp-content\/uploads\/153AF89B-FC0D-4FA6-A371-159E972E903C-2048x1556.jpg 2048w\" sizes=\"auto, (max-width: 2560px) 100vw, 2560px\" \/><span aria-hidden=\"true\" class=\"wp-block-cover__background has-background-dim-30 has-background-dim\"><\/span><div class=\"wp-block-cover__inner-container is-layout-flow wp-block-cover-is-layout-flow\">\n<div class=\"wp-block-group is-content-justification-left is-layout-constrained wp-container-core-group-is-layout-0b562c1c wp-block-group-is-layout-constrained\">\n<h2 class=\"wp-block-heading has-palette-color-8-color has-text-color has-x-large-font-size\">PARTENAIRES<\/h2>\n\n\n\n<h2 class=\"wp-block-heading has-palette-color-8-color has-text-color has-medium-font-size\">La Fondation JIA remercie la <a href=\"http:\/\/montreal.ca\/ville-marie\" data-type=\"page\" data-id=\"1777\" target=\"_blank\" rel=\"noreferrer noopener\">Ville de Montr\u00e9al \/\/ Quebec Government <\/a> et la <a href=\"https:\/\/www.mcconnellfoundation.ca\/\" data-type=\"link\" data-id=\"https:\/\/www.mcconnellfoundation.ca\/\" target=\"_blank\" rel=\"noreferrer noopener\">Fondation McConnell<\/a> pour leur soutien financier de la Maison du Quartier chinois.<br\/><\/h2>\n<\/div>\n<\/div><\/div>\n\n<div class=\"wp-block-stackable-image aligncenter stk-block-image has-text-align-center stk-block stk-9a6b4b5\" data-block-id=\"9a6b4b5\"><style>.stk-9a6b4b5 {max-width:652px !important;min-width:auto !important;padding-top:43px !important;padding-right:43px !important;padding-bottom:43px !important;padding-left:43px !important;margin-right:auto !important;margin-left:auto !important;}<\/style><figure><span class=\"stk-img-wrapper stk-image--shape-stretch\"><img loading=\"lazy\" decoding=\"async\" class=\"stk-img wp-image-1889\" src=\"https:\/\/jiafoundationmtl.org\/wp-content\/uploads\/Logo_Entente_MTL-QC_4c-4.png\" width=\"549\" height=\"128\" srcset=\"https:\/\/jiafoundationmtl.org\/wp-content\/uploads\/Logo_Entente_MTL-QC_4c-4.png 549w, https:\/\/jiafoundationmtl.org\/wp-content\/uploads\/Logo_Entente_MTL-QC_4c-4-300x70.png 300w\" sizes=\"auto, (max-width: 549px) 100vw, 549px\" \/><\/span><\/figure><\/div>\n","protected":false},"excerpt":{"rendered":"<p>Un espace culturel Pour des \u00e9v\u00e8nements et des shows. Un noyau communautaire pour nos alli\u00e9s, les membres de notre communaut\u00e9 et les r\u00e9sidents. Un \u00e9cosyst\u00e8me pour l&rsquo;incubation de nouvelles id\u00e9es [&hellip;]<\/p>\n","protected":false},"author":2,"featured_media":0,"parent":0,"menu_order":0,"comment_status":"closed","ping_status":"closed","template":"","meta":{"_EventAllDay":false,"_EventTimezone":"","_EventStartDate":"","_EventEndDate":"","_EventStartDateUTC":"","_EventEndDateUTC":"","_EventShowMap":false,"_EventShowMapLink":false,"_EventURL":"","_EventCost":"","_EventCostDescription":"","_EventCurrencySymbol":"","_EventCurrencyCode":"","_EventCurrencyPosition":"","_EventDateTimeSeparator":"","_EventTimeRangeSeparator":"","_EventOrganizerID":[],"_EventVenueID":[],"_OrganizerEmail":"","_OrganizerPhone":"","_OrganizerWebsite":"","_VenueAddress":"","_VenueCity":"","_VenueCountry":"","_VenueProvince":"","_VenueState":"","_VenueZip":"","_VenuePhone":"","_VenueURL":"","_VenueStateProvince":"","_VenueLat":"","_VenueLng":"","_VenueShowMap":false,"_VenueShowMapLink":false,"_themeisle_gutenberg_block_has_review":false,"footnotes":""},"class_list":["post-2085","page","type-page","status-publish","hentry"],"blocksy_meta":{"disable_featured_image":"no","styles_descriptor":{"styles":{"desktop":"[data-prefix=\"single_page\"] .entry-header .page-title {--theme-font-size:30px;} [data-prefix=\"single_page\"] .entry-header .entry-meta {--theme-font-weight:600;--theme-text-transform:uppercase;--theme-font-size:12px;--theme-line-height:1.3;}","tablet":"","mobile":""},"google_fonts":[],"version":6},"disable_header":"no","page_structure_type":"default","has_hero_section":"enabled","hero_elements":[{"id":"custom_title","enabled":false,"heading_tag":"h1","title":"Home","__id":"U7cmlGw1WRbmIudIwa4wQ"},{"id":"custom_description","enabled":false,"description_visibility":{"desktop":true,"tablet":true,"mobile":false},"__id":"mTVNOyjlAT4uSA7ECK2qj"},{"id":"custom_meta","enabled":false,"meta_elements":[{"id":"author","enabled":true,"label":"By","has_author_avatar":"yes","avatar_size":25},{"id":"post_date","enabled":true,"label":"On","date_format_source":"default","date_format":"M j, Y"},{"id":"updated_date","enabled":false,"label":"On","date_format_source":"default","date_format":"M j, Y"},{"id":"categories","enabled":false,"label":"In","style":"simple"},{"id":"comments","enabled":true}],"page_meta_elements":{"joined":true,"articles_count":true,"comments":true},"__id":"LO-GLxMXxWJtGMGdrhrkd"},{"id":"breadcrumbs","enabled":false,"__id":"MbF3wYpRmbV_DYZc2PTsd"}]},"featured_image_urls_v2":{"full":"","thumbnail":"","medium":"","medium_large":"","large":"","1536x1536":"","2048x2048":"","qi_blocks_image_size_square":"","qi_blocks_image_size_landscape":"","qi_blocks_image_size_portrait":"","qi_blocks_image_size_huge_square":""},"post_excerpt_stackable_v2":"<p>LA MAISON DU QUARTIER CHINOIS est un nouvel espace au Quartier chinois de Montr\u00e9al qui offre des conf\u00e9rences et des \u00e9v\u00e8nements socio-culturels en collaboration avec nos partenaires et nos alli\u00e9s, qui permet \u00e0 tous.tes l\u2019occasion de participer \u00e0 l\u2019innovation sociale pour cr\u00e9er et renforcer des liens au sein de notre quartier. Un espace culturel Pour des \u00e9v\u00e8nements et des shows. Un noyau communautaire pour nos alli\u00e9s, les membres de notre communaut\u00e9 et les r\u00e9sidents. Un \u00e9cosyst\u00e8me pour l&rsquo;incubation de nouvelles id\u00e9es et visions pour le Quartier chinois. CONCEPT En r\u00e9ponse \u00e0 l&rsquo;\u00e9volution du quartier, la Maison du Quartier chinois de\u2026<\/p>\n","category_list_v2":"","author_info_v2":{"name":"JIA FOUNDATION","url":"https:\/\/jiafoundationmtl.org\/fr\/author\/jia\/"},"comments_num_v2":"0 commentaire","_links":{"self":[{"href":"https:\/\/jiafoundationmtl.org\/fr\/wp-json\/wp\/v2\/pages\/2085","targetHints":{"allow":["GET"]}}],"collection":[{"href":"https:\/\/jiafoundationmtl.org\/fr\/wp-json\/wp\/v2\/pages"}],"about":[{"href":"https:\/\/jiafoundationmtl.org\/fr\/wp-json\/wp\/v2\/types\/page"}],"author":[{"embeddable":true,"href":"https:\/\/jiafoundationmtl.org\/fr\/wp-json\/wp\/v2\/users\/2"}],"replies":[{"embeddable":true,"href":"https:\/\/jiafoundationmtl.org\/fr\/wp-json\/wp\/v2\/comments?post=2085"}],"version-history":[{"count":42,"href":"https:\/\/jiafoundationmtl.org\/fr\/wp-json\/wp\/v2\/pages\/2085\/revisions"}],"predecessor-version":[{"id":4295,"href":"https:\/\/jiafoundationmtl.org\/fr\/wp-json\/wp\/v2\/pages\/2085\/revisions\/4295"}],"wp:attachment":[{"href":"https:\/\/jiafoundationmtl.org\/fr\/wp-json\/wp\/v2\/media?parent=2085"}],"curies":[{"name":"wp","href":"https:\/\/api.w.org\/{rel}","templated":true}]}}