{"id":2117,"date":"2023-11-25T01:58:21","date_gmt":"2023-11-25T06:58:21","guid":{"rendered":"https:\/\/jiafoundationmtl.org\/newsletter\/"},"modified":"2024-03-26T16:53:36","modified_gmt":"2024-03-26T20:53:36","slug":"newsletter","status":"publish","type":"page","link":"https:\/\/jiafoundationmtl.org\/fr\/newsletter\/","title":{"rendered":"Newsletter"},"content":{"rendered":"\n<div style=\"height:100px\" aria-hidden=\"true\" class=\"wp-block-spacer\"><\/div>\n\n\n\n<h2 class=\"wp-block-heading\">Liste d&rsquo;envoi<\/h2>\n\n\n<p><div class=\"tnp tnp-subscription \">\n<form method=\"post\" action=\"https:\/\/jiafoundationmtl.org\/wp-admin\/admin-ajax.php?action=tnp&amp;na=s\">\n<input type=\"hidden\" name=\"nlang\" value=\"fr\">\n<div class=\"tnp-field tnp-field-firstname\"><label for=\"tnp-1\">First name \/ pr\u00e9nom<\/label>\n<input class=\"tnp-name\" type=\"text\" name=\"nn\" id=\"tnp-1\" value=\"\" placeholder=\"\" required><\/div>\n<div class=\"tnp-field tnp-field-surname\"><label for=\"tnp-2\">Last name \/ nom de famille<\/label>\n<input class=\"tnp-surname\" type=\"text\" name=\"ns\" id=\"tnp-2\" value=\"\" placeholder=\"\" required><\/div><div class=\"tnp-field tnp-field-email\"><label for=\"tnp-3\">E-mail<\/label>\n<input class=\"tnp-email\" type=\"email\" name=\"ne\" id=\"tnp-3\" value=\"\" placeholder=\"\" required><\/div>\n<div class=\"tnp-field tnp-field-profile\"><label for=\"tnp-4\">Organisation<\/label>\n<input class=\"tnp-profile tnp-profile-1\" id=\"tnp-profile_1\" type=\"text\" size=\"\" name=\"np1\" placeholder=\"Organisation\"><\/div>\n<div class=\"tnp-field tnp-privacy-field\"><label><input type=\"checkbox\" name=\"ny\" required class=\"tnp-privacy\"> <a target=\"_blank\" href=\"https:\/\/jiafoundationmtl.org\/privacy-policy\/\">I accept the privacy policy. \/ J&#039;accepte la politique de confidentialit\u00e9.<\/a><\/label><\/div><div class=\"tnp-field tnp-field-button\" style=\"text-align: left\"><input class=\"tnp-submit\" type=\"submit\" value=\"Subscribe \/ Abonnez-moi\" style=\"\">\n<\/div>\n<\/form>\n<\/div>\n<\/p>\n\n\n\n<div style=\"height:100px\" aria-hidden=\"true\" class=\"wp-block-spacer\"><\/div>\n\n\n\n<h2 class=\"wp-block-heading\">Archive des infolettres<\/h2>\n\n\n<div class=\"tnp-archive\"><ul><li><a href=\"https:\/\/jiafoundationmtl.org\/fr\/newsletter\/?email_id=29\">Pourquoi le Quartier chinois? (Avril 2026)<\/a><\/li><li><a href=\"https:\/\/jiafoundationmtl.org\/fr\/newsletter\/?email_id=28\">\u00c9v\u00e9nements \u00e0 venir, rapport annuel et la liste de lecture de SWEE (Mars 2026)<\/a><\/li><li><a href=\"https:\/\/jiafoundationmtl.org\/fr\/newsletter\/?email_id=27\">Des nouvelles de la strat\u00e9gie Wing (F\u00e9vrier 2026)<\/a><\/li><li><a href=\"https:\/\/jiafoundationmtl.org\/fr\/newsletter\/?email_id=24\">Bonne fin d&#039;ann\u00e9e de la part de JIA<\/a><\/li><li><a href=\"https:\/\/jiafoundationmtl.org\/fr\/newsletter\/?email_id=23\">Banquet-b\u00e9n\u00e9fice communautaire + Lancement du catalogue d&#039;exposition Maison Yep-Riopel<\/a><\/li><li><a href=\"https:\/\/jiafoundationmtl.org\/fr\/newsletter\/?email_id=21\">Erratum - Special Book Launch incoming!<\/a><\/li><li><a href=\"https:\/\/jiafoundationmtl.org\/fr\/newsletter\/?email_id=20\">Lancement de livre \u00e0 venir! Special Book Launch incoming!<\/a><\/li><li><a href=\"https:\/\/jiafoundationmtl.org\/fr\/newsletter\/?email_id=19\">Journ\u00e9e du Quartier chinois, D\u00e9veloppement \u00e9quitable, Fabriqu\u00e9es au Quartier chinois et plus encore!<\/a><\/li><li><a href=\"https:\/\/jiafoundationmtl.org\/fr\/newsletter\/?email_id=17\">Double Projection: V\u00e9t\u00e9rans sino-canadiens \/ Exposition Yep-Riopel: Au bord du foyer<\/a><\/li><li><a href=\"https:\/\/jiafoundationmtl.org\/fr\/newsletter\/?email_id=16\">Lancement de l&#039;exposition &quot;Maison Yep-Riopel&quot; \/ Repenser la rue Clark \/ Carmen Mok<\/a><\/li><li><a href=\"https:\/\/jiafoundationmtl.org\/fr\/newsletter\/?email_id=15\">Nouvelles de la Fondation JIA: Notre nouvel espace et la Collection Wing&#039;s!<\/a><\/li><li><a href=\"https:\/\/jiafoundationmtl.org\/fr\/newsletter\/?email_id=14\">Bonne Ann\u00e9e 2025 de la part de l&#039;\u00e9quipe de la Fondation JIA<\/a><\/li><li><a href=\"https:\/\/jiafoundationmtl.org\/fr\/newsletter\/?email_id=13\">Prochains \u00e9v\u00e9nements de la Fondation JIA: La rue Clark repens\u00e9e, archives photographiques, devenir b\u00e9n\u00e9vole!<\/a><\/li><li><a href=\"https:\/\/jiafoundationmtl.org\/fr\/newsletter\/?email_id=12\">Prochains \u00e9v\u00e9nements de la Fondation JIA: Groupe d&#039;apprentissage, Laboratoire de m\u00e9moire num\u00e9rique, La rue Clark repens\u00e9e<\/a><\/li><li><a href=\"https:\/\/jiafoundationmtl.org\/fr\/newsletter\/?email_id=11\">Lancement: JIA x UdeM \/ Launch: JIA x UdeM<\/a><\/li><li><a href=\"https:\/\/jiafoundationmtl.org\/fr\/newsletter\/?email_id=10\">Lancement du projet Fabriqu\u00e9es au Quartier chinois \/ Launch of Made in Chinatown Project<\/a><\/li><li><a href=\"https:\/\/jiafoundationmtl.org\/fr\/newsletter\/?email_id=9\">Summer Programming Continues! \/ La programmation estivale continue!<\/a><\/li><li><a href=\"https:\/\/jiafoundationmtl.org\/fr\/newsletter\/?email_id=8\">JIA Foundation Summer Programming \/ programmation estivale<\/a><\/li><li><a href=\"https:\/\/jiafoundationmtl.org\/fr\/newsletter\/?email_id=7\">JIA Foundation April events: Wrap-up exhibition April 19th, and more!<\/a><\/li><li><a href=\"https:\/\/jiafoundationmtl.org\/fr\/newsletter\/?email_id=6\">Traces of the Chinese Exclusion Act: Exhibition Launch Event<\/a><\/li><li><a href=\"https:\/\/jiafoundationmtl.org\/fr\/newsletter\/?email_id=5\">4 days of programming for Lunar New Year: Miao Collective screening<\/a><\/li><li><a href=\"https:\/\/jiafoundationmtl.org\/fr\/newsletter\/?email_id=3\">Samedi, 13 janvier: Lancement de l&#039;exposition &quot;Associations Claniques&quot; du photographe Morris Lum<\/a><\/li><li><a href=\"https:\/\/jiafoundationmtl.org\/fr\/newsletter\/?email_id=2\">Samedi, 2 d\u00e9c: Lancement de notre s\u00e9rie de conf\u00e9rences \u00e0 la Maison du Quartier chinois<\/a><\/li><li><a href=\"https:\/\/jiafoundationmtl.org\/fr\/newsletter\/?email_id=1\">Retour sur le Forum Repenser le Quartier Chinois<\/a><\/li><\/ul><\/div>\n\n\n\n<div style=\"height:100px\" aria-hidden=\"true\" class=\"wp-block-spacer\"><\/div>\n\n\n\n<div style=\"height:100px\" aria-hidden=\"true\" class=\"wp-block-spacer\"><\/div>\n","protected":false},"excerpt":{"rendered":"<p>Liste d&rsquo;envoi Archive des infolettres<\/p>\n","protected":false},"author":2,"featured_media":0,"parent":0,"menu_order":0,"comment_status":"closed","ping_status":"closed","template":"","meta":{"_EventAllDay":false,"_EventTimezone":"","_EventStartDate":"","_EventEndDate":"","_EventStartDateUTC":"","_EventEndDateUTC":"","_EventShowMap":false,"_EventShowMapLink":false,"_EventURL":"","_EventCost":"","_EventCostDescription":"","_EventCurrencySymbol":"","_EventCurrencyCode":"","_EventCurrencyPosition":"","_EventDateTimeSeparator":"","_EventTimeRangeSeparator":"","_EventOrganizerID":[],"_EventVenueID":[],"_OrganizerEmail":"","_OrganizerPhone":"","_OrganizerWebsite":"","_VenueAddress":"","_VenueCity":"","_VenueCountry":"","_VenueProvince":"","_VenueState":"","_VenueZip":"","_VenuePhone":"","_VenueURL":"","_VenueStateProvince":"","_VenueLat":"","_VenueLng":"","_VenueShowMap":false,"_VenueShowMapLink":false,"_themeisle_gutenberg_block_has_review":false,"footnotes":""},"class_list":["post-2117","page","type-page","status-publish","hentry"],"blocksy_meta":{"has_hero_section":"disabled","disable_featured_image":"yes","styles_descriptor":{"styles":{"desktop":"","tablet":"","mobile":""},"google_fonts":[],"version":6}},"featured_image_urls_v2":{"full":"","thumbnail":"","medium":"","medium_large":"","large":"","1536x1536":"","2048x2048":"","qi_blocks_image_size_square":"","qi_blocks_image_size_landscape":"","qi_blocks_image_size_portrait":"","qi_blocks_image_size_huge_square":""},"post_excerpt_stackable_v2":"<p>Liste d&rsquo;envoi First name \/ pr\u00e9nom Last name \/ nom de famille E-mail Organisation I accept the privacy policy. \/ J&#039;accepte la politique de confidentialit\u00e9. Archive des infolettres Pourquoi le Quartier chinois? (Avril 2026)\u00c9v\u00e9nements \u00e0 venir, rapport annuel et la liste de lecture de SWEE (Mars 2026)Des nouvelles de la strat\u00e9gie Wing (F\u00e9vrier 2026)Bonne fin d&#039;ann\u00e9e de la part de JIABanquet-b\u00e9n\u00e9fice communautaire + Lancement du catalogue d&#039;exposition Maison Yep-RiopelErratum &#8211; Special Book Launch incoming!Lancement de livre \u00e0 venir! Special Book Launch incoming!Journ\u00e9e du Quartier chinois, D\u00e9veloppement \u00e9quitable, Fabriqu\u00e9es au Quartier chinois et plus encore!Double Projection: V\u00e9t\u00e9rans sino-canadiens \/ Exposition Yep-Riopel:\u2026<\/p>\n","category_list_v2":"","author_info_v2":{"name":"JIA FOUNDATION","url":"https:\/\/jiafoundationmtl.org\/fr\/author\/jia\/"},"comments_num_v2":"0 commentaire","_links":{"self":[{"href":"https:\/\/jiafoundationmtl.org\/fr\/wp-json\/wp\/v2\/pages\/2117","targetHints":{"allow":["GET"]}}],"collection":[{"href":"https:\/\/jiafoundationmtl.org\/fr\/wp-json\/wp\/v2\/pages"}],"about":[{"href":"https:\/\/jiafoundationmtl.org\/fr\/wp-json\/wp\/v2\/types\/page"}],"author":[{"embeddable":true,"href":"https:\/\/jiafoundationmtl.org\/fr\/wp-json\/wp\/v2\/users\/2"}],"replies":[{"embeddable":true,"href":"https:\/\/jiafoundationmtl.org\/fr\/wp-json\/wp\/v2\/comments?post=2117"}],"version-history":[{"count":4,"href":"https:\/\/jiafoundationmtl.org\/fr\/wp-json\/wp\/v2\/pages\/2117\/revisions"}],"predecessor-version":[{"id":2219,"href":"https:\/\/jiafoundationmtl.org\/fr\/wp-json\/wp\/v2\/pages\/2117\/revisions\/2219"}],"wp:attachment":[{"href":"https:\/\/jiafoundationmtl.org\/fr\/wp-json\/wp\/v2\/media?parent=2117"}],"curies":[{"name":"wp","href":"https:\/\/api.w.org\/{rel}","templated":true}]}}