{"id":2723,"date":"2022-02-20T05:44:47","date_gmt":"2022-02-20T10:44:47","guid":{"rendered":"https:\/\/jiafoundationmtl.org\/devenir-benevole\/"},"modified":"2026-02-13T01:21:54","modified_gmt":"2026-02-13T06:21:54","slug":"devenir-benevole","status":"publish","type":"page","link":"https:\/\/jiafoundationmtl.org\/fr\/devenir-benevole\/","title":{"rendered":"Devenir b\u00e9n\u00e9vole"},"content":{"rendered":"\n<div class=\"wp-block-stackable-spacer stk-block-spacer stk--no-padding stk-block stk-6090630\" data-block-id=\"6090630\"><style>.stk-6090630 {height:130px !important;}@media screen and (max-width:999px){.stk-6090630 {height:80px !important;}}<\/style><\/div>\n\n<div style=\"height:100px\" aria-hidden=\"true\" class=\"wp-block-spacer\"><\/div>\n\n<div class=\"wp-block-stackable-heading stk-block-heading stk-block-heading--v2 stk-block stk-41f6f5a\" id=\"strong-become-a-volunteer-with-the-jia-foundation-strong\" data-block-id=\"41f6f5a\"><style>.stk-41f6f5a {margin-bottom:16px !important;}.stk-41f6f5a .stk-block-heading__text{line-height:1.2em !important;}<\/style><h1 class=\"stk-block-heading__text has-text-align-center\"><strong>Devenez b\u00e9n\u00e9vole avec la Fondation JIA<\/strong><\/h1><\/div>\n\n<h4 class=\"wp-block-heading\" style=\"margin-top:var(--wp--preset--spacing--60);margin-bottom:var(--wp--preset--spacing--60)\">Si vous \u00eates passionn\u00e9.e.s par notre mission et que vous avez un int\u00e9r\u00eat pour la culture, le patrimoine et le d\u00e9veloppement communautaire \u00e9quitable, envisagez de devenir b\u00e9n\u00e9vole avec JIA ! Faire du b\u00e9n\u00e9volat est une excellente fa\u00e7on de se connecter avec les autres, d&rsquo;en apprendre davantage sur le quartier et ses habitants, et de contribuer directement \u00e0 la protection et \u00e0 la promotion du patrimoine vivant du Quartier chinois. <br\/><\/h4>\n\n<div class=\"wp-block-media-text is-stacked-on-mobile\"><figure class=\"wp-block-media-text__media\"><img loading=\"lazy\" decoding=\"async\" width=\"1024\" height=\"684\" src=\"https:\/\/jiafoundationmtl.org\/wp-content\/uploads\/\/IMG_2100-1024x684.jpg\" alt=\"\" class=\"wp-image-2716 size-full\" srcset=\"https:\/\/jiafoundationmtl.org\/wp-content\/uploads\/IMG_2100-1024x684.jpg 1024w, https:\/\/jiafoundationmtl.org\/wp-content\/uploads\/IMG_2100-300x200.jpg 300w, https:\/\/jiafoundationmtl.org\/wp-content\/uploads\/IMG_2100-768x513.jpg 768w, https:\/\/jiafoundationmtl.org\/wp-content\/uploads\/IMG_2100-1536x1025.jpg 1536w, https:\/\/jiafoundationmtl.org\/wp-content\/uploads\/IMG_2100.jpg 2000w\" sizes=\"auto, (max-width: 1024px) 100vw, 1024px\" \/><\/figure><div class=\"wp-block-media-text__content\">\n<p>Les b\u00e9n\u00e9voles aident g\u00e9n\u00e9ralement avec des t\u00e2ches telles que :<br\/><\/p>\n\n\n\n<ul class=\"wp-block-list\">\n<li>Pr\u00e9paration et d\u00e9montage des \u00e9v\u00e9nements ainsi que l&rsquo;inscription aux \u00e9v\u00e9nements<\/li>\n\n\n\n<li>Accueillir les membres du public et pr\u00e9senter la Fondation JIA<\/li>\n\n\n\n<li>Sensibilisation communautaire <\/li>\n\n\n\n<li>Visites guid\u00e9es des expositions<\/li>\n\n\n\n<li>Traduction*<\/li>\n\n\n\n<li>T\u00e2ches manuelles (nettoyage, organisation, d\u00e9m\u00e9nagement, etc.)<\/li>\n<\/ul>\n\n\n\n<p>*Nous avons actuellement besoin de b\u00e9n\u00e9voles parlant cantonais et ayant des comp\u00e9tences en \u00e9criture <strong>cantonais ou chinois traditionnel<\/strong>. Cependant, d\u2019autres langues sont \u00e9galement un atout.<br\/><br\/><\/p>\n<\/div><\/div>\n\n<div style=\"height:100px\" aria-hidden=\"true\" class=\"wp-block-spacer\"><\/div>\n\n<div class=\"wp-block-media-text has-media-on-the-right is-stacked-on-mobile\"><div class=\"wp-block-media-text__content\">\n<p>Si vous \u00eates int\u00e9ress\u00e9.e \u00e0 faire du b\u00e9n\u00e9volat avec nous, veuillez remplir le formulaire d&rsquo;inscription. Une fois votre formulaire est soumis, nous organiserons un court appel vid\u00e9o pour faire votre connaissance et confirmer votre inscription. <\/p>\n\n\n\n<p>Parfois, nous pouvons aussi avoir besoin d&rsquo;aide pour des t\u00e2ches sp\u00e9cialis\u00e9es telles que le design graphique, le d\u00e9veloppement web, la recherche, la photographie ou la main-d&rsquo;\u0153uvre qualifi\u00e9e, etc. Si vous avez des comp\u00e9tences ou des int\u00e9r\u00eats sp\u00e9cifiques que vous souhaitez partager, n&rsquo;oubliez pas de nous en faire part dans le formulaire d&rsquo;inscription ! <\/p>\n\n\n\n<div class=\"wp-block-ugb-button ugb-button-wrapper ugb-f33c194 ugb-main-block\"><div class=\"ugb-inner-block\"><div class=\"ugb-block-content\"><div class=\"ugb-button-container\"><a class=\"ugb-button1 ugb-button ugb-button--size-normal\" href=\"https:\/\/docs.google.com\/forms\/d\/e\/1FAIpQLSeJCpYrZDEjLejvKKmgqybF3BcWHUQxI0rZrcSPXLfUFIL-lQ\/viewform?usp=sf_link\" target=\"_blank\" rel=\"noopener noreferrer\" title=\"\"><span class=\"ugb-button--inner\">FORMULAIRE D&rsquo;INSCRIPTION<\/span><\/a><\/div><\/div><\/div><\/div>\n\n\n\n<p><br\/><br\/><\/p>\n<\/div><figure class=\"wp-block-media-text__media\"><img loading=\"lazy\" decoding=\"async\" width=\"1024\" height=\"768\" src=\"https:\/\/jiafoundationmtl.org\/wp-content\/uploads\/\/IMG_2098-Resized-1024x768.jpg\" alt=\"\" class=\"wp-image-2718 size-full\" srcset=\"https:\/\/jiafoundationmtl.org\/wp-content\/uploads\/IMG_2098-Resized-1024x768.jpg 1024w, https:\/\/jiafoundationmtl.org\/wp-content\/uploads\/IMG_2098-Resized-300x225.jpg 300w, https:\/\/jiafoundationmtl.org\/wp-content\/uploads\/IMG_2098-Resized-768x576.jpg 768w, https:\/\/jiafoundationmtl.org\/wp-content\/uploads\/IMG_2098-Resized.jpg 1200w\" sizes=\"auto, (max-width: 1024px) 100vw, 1024px\" \/><\/figure><\/div>\n\n<div style=\"height:100px\" aria-hidden=\"true\" class=\"wp-block-spacer\"><\/div>\n","protected":false},"excerpt":{"rendered":"<p>Devenez b\u00e9n\u00e9vole avec la Fondation JIA Si vous \u00eates passionn\u00e9.e.s par notre mission et que vous avez un int\u00e9r\u00eat pour la culture, le patrimoine et le d\u00e9veloppement communautaire \u00e9quitable, envisagez [&hellip;]<\/p>\n","protected":false},"author":2,"featured_media":2721,"parent":0,"menu_order":0,"comment_status":"closed","ping_status":"closed","template":"","meta":{"_EventAllDay":false,"_EventTimezone":"","_EventStartDate":"","_EventEndDate":"","_EventStartDateUTC":"","_EventEndDateUTC":"","_EventShowMap":false,"_EventShowMapLink":false,"_EventURL":"","_EventCost":"","_EventCostDescription":"","_EventCurrencySymbol":"","_EventCurrencyCode":"","_EventCurrencyPosition":"","_EventDateTimeSeparator":"","_EventTimeRangeSeparator":"","_EventOrganizerID":[],"_EventVenueID":[],"_OrganizerEmail":"","_OrganizerPhone":"","_OrganizerWebsite":"","_VenueAddress":"","_VenueCity":"","_VenueCountry":"","_VenueProvince":"","_VenueState":"","_VenueZip":"","_VenuePhone":"","_VenueURL":"","_VenueStateProvince":"","_VenueLat":"","_VenueLng":"","_VenueShowMap":false,"_VenueShowMapLink":false,"_themeisle_gutenberg_block_has_review":false,"footnotes":""},"class_list":["post-2723","page","type-page","status-publish","has-post-thumbnail","hentry"],"blocksy_meta":{"styles_descriptor":{"styles":{"desktop":"","tablet":"","mobile":""},"google_fonts":[],"version":6},"has_hero_section":"disabled"},"featured_image_urls_v2":{"full":["https:\/\/jiafoundationmtl.org\/wp-content\/uploads\/IMG_2097-Resized.jpg",1200,900,false],"thumbnail":["https:\/\/jiafoundationmtl.org\/wp-content\/uploads\/IMG_2097-Resized-150x150.jpg",150,150,true],"medium":["https:\/\/jiafoundationmtl.org\/wp-content\/uploads\/IMG_2097-Resized-300x225.jpg",300,225,true],"medium_large":["https:\/\/jiafoundationmtl.org\/wp-content\/uploads\/IMG_2097-Resized-768x576.jpg",768,576,true],"large":["https:\/\/jiafoundationmtl.org\/wp-content\/uploads\/IMG_2097-Resized-1024x768.jpg",1024,768,true],"1536x1536":["https:\/\/jiafoundationmtl.org\/wp-content\/uploads\/IMG_2097-Resized.jpg",1200,900,false],"2048x2048":["https:\/\/jiafoundationmtl.org\/wp-content\/uploads\/IMG_2097-Resized.jpg",1200,900,false],"qi_blocks_image_size_square":["https:\/\/jiafoundationmtl.org\/wp-content\/uploads\/IMG_2097-Resized.jpg",650,488,false],"qi_blocks_image_size_landscape":["https:\/\/jiafoundationmtl.org\/wp-content\/uploads\/IMG_2097-Resized.jpg",867,650,false],"qi_blocks_image_size_portrait":["https:\/\/jiafoundationmtl.org\/wp-content\/uploads\/IMG_2097-Resized.jpg",650,488,false],"qi_blocks_image_size_huge_square":["https:\/\/jiafoundationmtl.org\/wp-content\/uploads\/IMG_2097-Resized.jpg",1200,900,false]},"post_excerpt_stackable_v2":"<p>Devenez b\u00e9n\u00e9vole avec la Fondation JIA Si vous \u00eates passionn\u00e9.e.s par notre mission et que vous avez un int\u00e9r\u00eat pour la culture, le patrimoine et le d\u00e9veloppement communautaire \u00e9quitable, envisagez de devenir b\u00e9n\u00e9vole avec JIA ! Faire du b\u00e9n\u00e9volat est une excellente fa\u00e7on de se connecter avec les autres, d&rsquo;en apprendre davantage sur le quartier et ses habitants, et de contribuer directement \u00e0 la protection et \u00e0 la promotion du patrimoine vivant du Quartier chinois. Les b\u00e9n\u00e9voles aident g\u00e9n\u00e9ralement avec des t\u00e2ches telles que : Pr\u00e9paration et d\u00e9montage des \u00e9v\u00e9nements ainsi que l&rsquo;inscription aux \u00e9v\u00e9nements Accueillir les membres du public\u2026<\/p>\n","category_list_v2":"","author_info_v2":{"name":"JIA FOUNDATION","url":"https:\/\/jiafoundationmtl.org\/fr\/author\/jia\/"},"comments_num_v2":"0 commentaire","_links":{"self":[{"href":"https:\/\/jiafoundationmtl.org\/fr\/wp-json\/wp\/v2\/pages\/2723","targetHints":{"allow":["GET"]}}],"collection":[{"href":"https:\/\/jiafoundationmtl.org\/fr\/wp-json\/wp\/v2\/pages"}],"about":[{"href":"https:\/\/jiafoundationmtl.org\/fr\/wp-json\/wp\/v2\/types\/page"}],"author":[{"embeddable":true,"href":"https:\/\/jiafoundationmtl.org\/fr\/wp-json\/wp\/v2\/users\/2"}],"replies":[{"embeddable":true,"href":"https:\/\/jiafoundationmtl.org\/fr\/wp-json\/wp\/v2\/comments?post=2723"}],"version-history":[{"count":5,"href":"https:\/\/jiafoundationmtl.org\/fr\/wp-json\/wp\/v2\/pages\/2723\/revisions"}],"predecessor-version":[{"id":4286,"href":"https:\/\/jiafoundationmtl.org\/fr\/wp-json\/wp\/v2\/pages\/2723\/revisions\/4286"}],"wp:featuredmedia":[{"embeddable":true,"href":"https:\/\/jiafoundationmtl.org\/fr\/wp-json\/wp\/v2\/media\/2721"}],"wp:attachment":[{"href":"https:\/\/jiafoundationmtl.org\/fr\/wp-json\/wp\/v2\/media?parent=2723"}],"curies":[{"name":"wp","href":"https:\/\/api.w.org\/{rel}","templated":true}]}}