{"id":3345,"date":"2025-07-10T03:08:32","date_gmt":"2025-07-10T07:08:32","guid":{"rendered":"https:\/\/jiafoundationmtl.org\/amenagement-developpement-recherche\/"},"modified":"2025-07-11T10:53:46","modified_gmt":"2025-07-11T14:53:46","slug":"equipe-amenagement","status":"publish","type":"page","link":"https:\/\/jiafoundationmtl.org\/fr\/equipe-amenagement\/","title":{"rendered":"Am\u00e9nagement, d\u00e9veloppement &amp; recherche"},"content":{"rendered":"\n<div style=\"height:129px\" aria-hidden=\"true\" class=\"wp-block-spacer\"><\/div>\n\n<div class=\"wp-block-stackable-heading stk-block-heading stk-block-heading--v2 stk-block stk-b234657\" id=\"strong-span-style-color-var-theme-palette-color-4-111518-class-stk-highlight-planning-development-amp-research-span-strong\" data-block-id=\"b234657\"><h1 class=\"stk-block-heading__text has-text-align-center\"><strong><span style=\"color: var(--theme-palette-color-4, #111518);\" class=\"stk-highlight\">Am\u00e9nagement, d\u00e9veloppement &amp; recherche<\/span><\/strong><\/h1><\/div>\n\n<div style=\"height:100px\" aria-hidden=\"true\" class=\"wp-block-spacer\"><\/div>\n\n<div class=\"wp-block-stackable-heading stk-block-heading stk-block-heading--v2 stk-block stk-3353c19\" id=\"span-style-color-000000-class-stk-highlight-research-summary-on-collective-real-estate-tools-span-br-span-style-color-000000-class-stk-highlight-&#x300A;&#x96C6;&#x9AD4;&#x793E;&#x5340;&#x623F;&#x5730;&#x7522;&#x5DE5;&#x5177;&#x300B;&#x7684;&#x7814;&#x7A76;&#x6458;&#x8981;-span\" data-block-id=\"3353c19\"><h1 class=\"stk-block-heading__text has-text-align-center\"><span style=\"color: #000000;\" class=\"stk-highlight\">R\u00e9sum\u00e9 de recherche sur les outils d\u2019immobilier collectif <\/span><br\/><span style=\"color: #000000;\" class=\"stk-highlight\">\u300a\u96c6\u9ad4\u793e\u5340\u623f\u5730\u7522\u5de5\u5177\u300b\u7684\u7814\u7a76\u6458\u8981<\/span><\/h1><\/div>\n\n<div class=\"wp-block-stackable-columns stk-block-columns stk-block stk-0f929b7\" data-block-id=\"0f929b7\"><div class=\"stk-row stk-inner-blocks stk-block-content stk-content-align stk-0f929b7-column\">\n<div class=\"wp-block-stackable-column stk-block-column stk-column stk-block stk-ef06bd3\" data-v=\"4\" data-block-id=\"ef06bd3\"><style>.stk-ef06bd3 {padding-top:45px !important;padding-right:45px !important;padding-bottom:45px !important;padding-left:45px !important;}<\/style><div class=\"stk-column-wrapper stk-block-column__content stk-container stk-ef06bd3-container stk--no-background stk--no-padding\"><div class=\"stk-block-content stk-inner-blocks stk-ef06bd3-inner-blocks\">\n<p>La Fondation JIA a publi\u00e9 un r\u00e9sum\u00e9 de recherche pr\u00e9sentant une d\u00e9marche de recherche pr\u00e9liminaire sur le potentiel de l\u2019immobilier collectif pour le d\u00e9veloppement \u00e9quitable au Quartier chinois. L&rsquo;\u00e9cosyst\u00e8me communautaire solide du Quartier chinois constitue un \u00e9l\u00e9ment fondamental de son patrimoine. Notre approche englobe la pr\u00e9servation des espaces et infrastructures communautaires qui accueillent les activit\u00e9s et les individus qui leur donnent du sens. Les outils d\u00e9crits dans ce r\u00e9sum\u00e9 de recherche visent \u00e0 soutenir le milieu communautaire du quartier avec des connaissances et outils pour mieux contr\u00f4ler le d\u00e9veloppement urbain.   <br\/><\/p>\n\n\n\n<p>\u5bb6\u57fa\u91d1\u6703\u767c\u4f48\u4e86\u4e00\u4efd\u7814\u7a76\u6458\u8981\uff0c\u6982\u8ff0\u4e86\u5176\u91dd\u5c0d\u5510\u4eba\u8857\u516c\u5e73\u767c\u5c55\u7684\u96c6\u9ad4\u623f\u5730\u7522\u5de5\u5177\u7684\u521d\u6b65\u7814\u7a76\u3002\u5510\u4eba\u8857\u5f37\u5927\u7684\u793e\u5340\u751f\u614b\u7cfb\u7d71\u662f\u8a72\u793e\u5340\u907a\u7522\u7684\u57fa\u790e\u5143\u7d20\u3002\u6211\u5011\u7684\u65b9\u6cd5\u5305\u62ec\u5c0d\u793e\u5340\u7a7a\u9593\u548c\u57fa\u790e\u8a2d\u65bd\u7684\u4fdd\u8b77\u548c\u7ba1\u7406\uff0c\u9019\u4e9b\u7a7a\u9593\u548c\u57fa\u790e\u8a2d\u65bd\u5bb9\u7d0d\u4e86\u8ce6\u4e88\u5176\u610f\u7fa9\u7684\u6d3b\u52d5\u548c\u4eba\u7fa4\u3002\u7814\u7a76\u6458\u8981\u4e2d\u6982\u8ff0\u7684\u5de5\u5177\u65e8\u5728\u900f\u904e\u589e\u5f37\u5510\u4eba\u8857\u793e\u5340\u7684\u77e5\u8b58\u548c\u80fd\u529b,\u4f7f\u5176\u5c0d\u57ce\u5e02\u8b8a\u5316\u548c\u767c\u5c55\u64c1\u6709\u66f4\u591a\u63a7\u5236\u6b0a\uff0c\u5f9e\u800c\u652f\u6301\u793e\u5340\u5728\u793e\u5340\u4e2d\u7684\u80fd\u52d5\u6027\u3002<\/p>\n<\/div><\/div><\/div>\n<\/div><\/div>\n\n<div class=\"wp-block-media-text is-stacked-on-mobile\" style=\"margin-top:var(--wp--preset--spacing--40);margin-bottom:var(--wp--preset--spacing--40)\"><figure class=\"wp-block-media-text__media\"><img loading=\"lazy\" decoding=\"async\" width=\"1024\" height=\"768\" src=\"https:\/\/jiafoundationmtl.org\/wp-content\/uploads\/\/Image-1-Resized-1-1024x768.jpg\" alt=\"\" class=\"wp-image-3331 size-full\" srcset=\"https:\/\/jiafoundationmtl.org\/wp-content\/uploads\/Image-1-Resized-1-1024x768.jpg 1024w, https:\/\/jiafoundationmtl.org\/wp-content\/uploads\/Image-1-Resized-1-300x225.jpg 300w, https:\/\/jiafoundationmtl.org\/wp-content\/uploads\/Image-1-Resized-1-768x576.jpg 768w, https:\/\/jiafoundationmtl.org\/wp-content\/uploads\/Image-1-Resized-1.jpg 1200w\" sizes=\"auto, (max-width: 1024px) 100vw, 1024px\" \/><\/figure><div class=\"wp-block-media-text__content\">\n<p>Les pressions r\u00e9centes en faveur de la gentrification et du r\u00e9am\u00e9nagement du quartier depuis la pand\u00e9mie de COVID-19 font \u00e9cho \u00e0 la d\u00e9molition historique des deux tiers du tissu b\u00e2ti du Quartier chinois pour faire place \u00e0 de grandes infrastructures publiques, telles que les complexes Guy-Favreau et Desjardins. Ces moments soulignent l&rsquo;importance de lutter pour s&rsquo;assurer que le Quartier chinois demeure un foyer et un lieu de refuge pour plusieurs. De plus, les membres de la communaut\u00e9 souhaitent voir un d\u00e9veloppement urbain qui r\u00e9pond \u00e0 leurs besoins : une augmentation de l\u2019achalandage pi\u00e9tonnier pour les petites entreprises, des espaces publics bien entretenus et ouverts aux \u00e9v\u00e9nements communautaires, moins de b\u00e2timents vacants, plus de r\u00e9parations sur les b\u00e2timents historiques, et bien plus. Des consultations avec la communaut\u00e9 ont mis en \u00e9vidence un int\u00e9r\u00eat pour la participation citoyenne dans le d\u00e9veloppement, les strat\u00e9gies holistiques et l&rsquo;int\u00e9gration du Quartier chinois dans les discussions \u00e0 l&rsquo;\u00e9chelle de la ville sur le d\u00e9veloppement \u00e9quitable \u00e0 Montr\u00e9al.   <\/p>\n\n\n\n<p>\u81ea COVID-19 \u5927\u6d41\u884c\u4ee5\u4f86\uff0c\u5510\u4eba\u8857\u6700\u8fd1\u9762\u81e8\u4ed5\u7d33\u5316\u548c\u91cd\u5efa\u7684\u58d3\u529b\uff0c\u9019\u8207\u6b77\u53f2\u4e0a\u5510\u4eba\u8857\u4e09\u5206\u4e4b\u4e8c\u7684\u5efa\u7bc9\u7d50\u69cb\u88ab\u62c6\u6bc0\u4ee5\u8208\u5efa\u5927\u578b\u516c\u5171\u57fa\u790e\u8a2d\u65bd\uff08\u5982 Guy-Favreau \u548c Desjardins \u5927\u6a13\uff09\u7684\u60c5\u6cc1\u76f8\u547c\u61c9\u3002\u9019\u4e9b\u6642\u523b\u51f8\u986f\u4e86\u52aa\u529b\u78ba\u4fdd\u5510\u4eba\u8857\u80fd\u7e7c\u7e8c\u6210\u70ba\u8a31\u591a\u4eba\u7684\u5bb6\u548c\u907f\u96e3\u6240\u7684\u91cd\u8981\u6027\u3002\u6b64\u5916\uff0c\u793e\u5340\u6210\u54e1\u5e0c\u671b\u770b\u5230\u80fd\u6eff\u8db3\u4ed6\u5011\u9700\u6c42\u7684\u6539\u8b8a\uff1a\u589e\u52a0\u5c0f\u4f01\u696d\u7684\u4eba\u6d41\u91cf, \u7dad\u8b77\u826f\u597d\u7684\u516c\u5171\u7a7a\u9593\u3001\u793e\u5340\u6d3b\u52d5\u7a7a\u9593, \u6e1b\u5c11\u7a7a\u7f6e\u5efa\u7bc9, \u66f4\u591a\u7dad\u4fee\u6b77\u53f2\u5efa\u7bc9\u7b49\u3002\u8207\u793e\u5340\u6210\u54e1\u7684\u8aee\u8a62\u5f37\u8abf\u4e86\u4ed6\u5011\u5c0d\u793e\u5340\u53c3\u8207\u767c\u5c55, \u6574\u9ad4\u7b56\u7565\u4ee5\u53ca\u5c07\u5510\u4eba\u8857\u878d\u5165\u5230\u8499\u7279\u5229\u723e\u5168\u5e02\u516c\u5e73\u767c\u5c55\u8a0e\u8ad6\u4e2d\u7684\u8208\u8da3\u3002<\/p>\n\n\n\n<p><br\/><\/p>\n<\/div><\/div>\n\n<div class=\"wp-block-media-text has-media-on-the-right is-stacked-on-mobile\"><div class=\"wp-block-media-text__content\">\n<p>L&rsquo;immobilier collectif priorise les avantages \u00e0 long terme pour la communaut\u00e9 plut\u00f4t que la rentabilit\u00e9. De nombreuses associations familiales mettent en pratique les principes cl\u00e9s de l&rsquo;immobilier collectif depuis plus d&rsquo;un si\u00e8cle, d\u00e9montrant que le Quartier chinois poss\u00e8de d\u00e9j\u00e0 des capacit\u00e9s et ressources communautaires pouvant \u00eatre mises \u00e0 profit pour construire un quartier pour la communaut\u00e9, par la communaut\u00e9.  <br\/><br\/>\u300a\u96c6\u9ad4\u793e\u5340\u623f\u5730\u7522\u300b\u5c07\u793e\u5340\u7684\u9577\u671f\u5229\u76ca\u653e\u5728\u9996\u4f4d\uff0c\u800c\u4e0d\u50c5\u50c5\u662f\u77ed\u671f\u6536\u76ca\u3002\u8a31\u591a\u5510\u4eba\u8857\u5b97\u89aa\u6703\u5c0d\u5be6\u8e10\u300a\u96c6\u9ad4\u793e\u5340\u623f\u5730\u7522\u300b\u7684\u4e3b\u8981\u539f\u5247\u6709\u8d85\u904e\u4e00\u500b\u4e16\u7d00\u7684\u7d93\u6b77\uff0c\u9019\u8868\u660e\u5510\u4eba\u8857\u5177\u6709\u793e\u5340\u80fd\u529b\u548c\u8cc7\u6e90\uff0c\u53ef\u4ee5\u5145\u5206\u5229\u7528\u9019\u4e9b\u80fd\u529b\u548c\u8cc7\u6e90\uff0c\u70ba\u793e\u5340\u5efa\u7acb\u4e00\u500b\u7531\u793e\u5340\u7ba1\u7406\u7684\u9130\u91cc\u793e\u5340\u3002<\/p>\n\n\n\n<p><br\/><\/p>\n<\/div><figure class=\"wp-block-media-text__media\"><img loading=\"lazy\" decoding=\"async\" width=\"901\" height=\"507\" src=\"https:\/\/jiafoundationmtl.org\/wp-content\/uploads\/Image-2.png\" alt=\"\" class=\"wp-image-3333 size-full\" srcset=\"https:\/\/jiafoundationmtl.org\/wp-content\/uploads\/Image-2.png 901w, https:\/\/jiafoundationmtl.org\/wp-content\/uploads\/Image-2-300x169.png 300w, https:\/\/jiafoundationmtl.org\/wp-content\/uploads\/Image-2-768x432.png 768w\" sizes=\"auto, (max-width: 901px) 100vw, 901px\" \/><\/figure><\/div>\n\n<div class=\"wp-block-media-text is-stacked-on-mobile\"><figure class=\"wp-block-media-text__media\"><img loading=\"lazy\" decoding=\"async\" width=\"896\" height=\"505\" src=\"https:\/\/jiafoundationmtl.org\/wp-content\/uploads\/Image-3-1.png\" alt=\"\" class=\"wp-image-3335 size-full\" srcset=\"https:\/\/jiafoundationmtl.org\/wp-content\/uploads\/Image-3-1.png 896w, https:\/\/jiafoundationmtl.org\/wp-content\/uploads\/Image-3-1-300x169.png 300w, https:\/\/jiafoundationmtl.org\/wp-content\/uploads\/Image-3-1-768x433.png 768w\" sizes=\"auto, (max-width: 896px) 100vw, 896px\" \/><\/figure><div class=\"wp-block-media-text__content\">\n<p>Le document met l&rsquo;accent sur l&rsquo;immobilier collectif comme strat\u00e9gie id\u00e9ale pour r\u00e9aliser cette vision. S&rsquo;appuyant sur diverses \u00e9tudes de cas d\u00e9taillant divers efforts de transformation urbaine men\u00e9es par la communaut\u00e9 dans d&rsquo;autres quartiers de Montr\u00e9al, dans d\u2019autres quartiers chinois et ailleurs, l&rsquo;\u00e9quipe examine cinq outils de d\u00e9veloppement diff\u00e9rents adapt\u00e9s pour r\u00e9pondre aux besoins et aux int\u00e9r\u00eats des membres de la communaut\u00e9. On compte les obligations communautaires, les fonds d&rsquo;actions mutualis\u00e9s, les fiduciaires fonci\u00e8res communautaires ou les fiduciaires d&rsquo;utilit\u00e9 sociale, les alliances de d\u00e9veloppement patrimonial et les partenariats publics-priv\u00e9s. Le document explique comment chaque mod\u00e8le peut s&rsquo;appliquer \u00e0 des contextes sp\u00e9cifiques dans le Quartier chinois.    <br\/><br\/>\u672c\u6587\u4ef6\u8457\u91cd\u65bc\u300a\u96c6\u9ad4\u793e\u5340\u623f\u5730\u7522\u300b\u300b\u4f5c\u70ba\u5be6\u73fe\u9019\u4e00\u76ee\u6a19\u7684\u7406\u60f3\u65b9\u5f0f\u3002\u4ee5\u8499\u7279\u5229\u723e\u5176\u4ed6\u793e\u5340\u53ca\u5510\u4eba\u8857\u7684\u793e\u5340\u4e3b\u5c0e\u57ce\u5e02\u6539\u9020\u5de5\u4f5c\u7684\u5404\u7a2e\u6848\u4f8b\u7814\u7a76\u70ba\u57fa\u790e\uff0c\u7814\u7a76\u5c0f\u7d44\u7814\u7a76\u4e86\u4e94\u7a2e\u4e0d\u540c\u7684\u767c\u5c55\u6a21\u5f0f\uff0c\u9019\u4e9b\u6a21\u5f0f\u975e\u5e38\u9069\u5408\u56de\u61c9\u793e\u5340\u6210\u54e1\u7684\u9700\u6c42\u548c\u5229\u76ca\u3002\u9019\u4e9b\u6a21\u5f0f\u5305\u62ec\u793e\u5340\u50b5\u5238, \u4e92\u60e0\u6b0a\u76ca\u57fa\u91d1, \u793e\u5340\u571f\u5730\u4fe1\u8a17\u6216\u793e\u6703\u516c\u7528\u4e8b\u696d\u4fe1\u8a17\u3001\u907a\u7522\u5efa\u7bc9\u806f\u76df\u4ee5\u53ca\u793e\u5340\u5229\u76ca\u5354\u8b70\u3002<\/p>\n\n\n\n<p><br\/><\/p>\n<\/div><\/div>\n\n<div class=\"wp-block-stackable-button-group stk-block-button-group stk-block stk-14b08e1\" data-block-id=\"14b08e1\"><div class=\"stk-row stk-inner-blocks has-text-align-center stk-block-content stk-button-group\">\n<div class=\"wp-block-stackable-button stk-block-button has-text-align-center stk-block stk-2bed0e3\" data-block-id=\"2bed0e3\"><style>.stk-2bed0e3 .stk-button__inner-text{color:#000000 !important;}<\/style><a class=\"stk-link stk-button stk--hover-effect-darken\" href=\"https:\/\/jiafoundationmtl.org\/wp-content\/uploads\/JIA-Research-Summary_V2-Summer-2025.pdf\" target=\"_blank\" rel=\"noreferrer noopener\"><span class=\"has-text-color stk-button__inner-text\"><strong>T\u00e9l\u00e9charger<\/strong> le r\u00e9sum\u00e9 de la recherche ici.<br\/><strong>\u4e0b\u8f09<\/strong>\u7814\u7a76\u6458\u8981 (EN, 11 MB)<\/span><\/a><\/div>\n<\/div><\/div>\n\n<div style=\"height:72px\" aria-hidden=\"true\" class=\"wp-block-spacer\"><\/div>\n\n<div class=\"wp-block-stackable-heading stk-block-heading stk-block-heading--v2 stk-block stk-02bce21\" id=\"flagship-projects\" data-block-id=\"02bce21\"><h3 class=\"stk-block-heading__text has-text-align-center\">PROJETS PHARES<\/h3><\/div>\n\n<div class=\"wp-block-stackable-button-group stk-block-button-group stk-block stk-e855cfa\" data-block-id=\"e855cfa\"><div class=\"stk-row stk-inner-blocks has-text-align-center stk-block-content stk-button-group\">\n<div class=\"wp-block-stackable-button stk-block-button has-text-align-center stk-block stk-0d00021\" data-block-id=\"0d00021\"><style>.stk-0d00021 .stk-button__inner-text{color:var(--theme-palette-color-4, #111518) !important;}<\/style><a class=\"stk-link stk-button stk--hover-effect-darken\" href=\"https:\/\/jiafoundationmtl.org\/fr\/repenser-la-rue-clark\/\"><span class=\"has-text-color stk-button__inner-text\">REPENSER LA RUE CLARK <\/span><\/a><\/div>\n\n\n\n<div class=\"wp-block-stackable-button stk-block-button has-text-align-center stk-block stk-1f0e110\" data-block-id=\"1f0e110\"><style>.stk-1f0e110 .stk-button__inner-text{color:var(--theme-palette-color-4, #111518) !important;}<\/style><a class=\"stk-link stk-button stk--hover-effect-darken\" href=\"https:\/\/jiafoundationmtl.org\/fr\/plan-daction\/\"><span class=\"has-text-color stk-button__inner-text\">PLAN D&rsquo;ACTION DU QUARTIER CHINOIS : PROCHAINES \u00c9TAPES<\/span><\/a><\/div>\n<\/div><\/div>\n\n<div style=\"height:72px\" aria-hidden=\"true\" class=\"wp-block-spacer\"><\/div>\n\n<div class=\"wp-block-stackable-heading stk-block-heading stk-block-heading--v2 stk-block stk-a314139\" id=\"span-style-color-000000-class-stk-highlight-strong-our-planning-development-amp-research-team-strong-span-br-span-style-color-var-theme-palette-color-4-111518-class-stk-highlight-&#x6211;&#x5011;&#x7684;&#x90FD;&#x5E02;&#x8A08;&#x756B;&#x53CA;&#x7814;&#x7A76;&#x5718;&#x968A;-span\" data-block-id=\"a314139\"><h1 class=\"stk-block-heading__text has-text-align-center\"><span style=\"color: #000000;\" class=\"stk-highlight\"><strong>Notre \u00e9quipe d\u2019am\u00e9nagement, d\u00e9veloppement &amp; recherche<\/strong><\/span><br\/><span style=\"color: var(--theme-palette-color-4, #111518);\" class=\"stk-highlight\">\u6211\u5011\u7684\u90fd\u5e02\u8a08\u756b\u53ca\u7814\u7a76\u5718\u968a<\/span><\/h1><\/div>\n\n<div class=\"wp-block-stackable-columns stk-block-columns stk-block stk-9256d8d\" data-block-id=\"9256d8d\"><div class=\"stk-row stk-inner-blocks stk-block-content stk-content-align stk-9256d8d-column\">\n<div class=\"wp-block-stackable-column stk-block-column stk-column stk-block stk-281e68d\" data-v=\"4\" data-block-id=\"281e68d\"><style>.stk-281e68d {padding-top:45px !important;padding-right:45px !important;padding-bottom:45px !important;padding-left:45px !important;}<\/style><div class=\"stk-column-wrapper stk-block-column__content stk-container stk-281e68d-container stk--no-background stk--no-padding\"><div class=\"stk-block-content stk-inner-blocks stk-281e68d-inner-blocks\">\n<p>L&rsquo;\u00e9quipe d\u2019am\u00e9nagement, d\u00e9veloppement et recherche de la Fondation JIA rassemble des chercheurs et des praticiens dans les domaines de l&rsquo;urbanisme, de l&rsquo;architecture et des sciences sociales. L\u2019\u00e9quipe se concentre sur les trois axes de travail suivants pour faciliter le d\u00e9veloppement \u00e9quitable du Quartier chinois de Montr\u00e9al :  <\/p>\n\n\n\n<ul class=\"wp-block-list\">\n<li>Rechercher et partager des connaissances sur les possibilit\u00e9s et les outils de d\u00e9veloppement urbain communautaires dans le Quartier chinois de Montr\u00e9al en mettant l\u2019accent sur l\u2019orientation des politiques; <\/li>\n\n\n\n<li>\u00c9laborer des visions et des plans comme outils pour rassembler les parties prenantes; <\/li>\n\n\n\n<li>Faciliter les projets visant \u00e0 soutenir la mise en \u0153uvre des visions communautaires du Quartier chinois. <\/li>\n<\/ul>\n\n\n\n<p>En ce qui concerne le r\u00f4le de la Fondation JIA en tant qu\u2019organisation grandissante, l\u2019\u00e9quipe produira \u00e9galement des outils et des cadres d\u2019\u00e9valuation qui soutiendront notre croissance \u00e0 long terme.<\/p>\n\n\n\n<div style=\"height:75px\" aria-hidden=\"true\" class=\"wp-block-spacer\"><\/div>\n\n\n\n<div class=\"wp-block-stackable-image stk-block-image stk-block stk-a38e140\" data-block-id=\"a38e140\"><style>.stk-a38e140 .stk-img-wrapper{width:75% !important;}<\/style><figure><span class=\"stk-img-wrapper stk-image--shape-stretch\"><img loading=\"lazy\" decoding=\"async\" class=\"stk-img wp-image-3339\" src=\"https:\/\/jiafoundationmtl.org\/wp-content\/uploads\/pdr-team-crop.jpg\" width=\"1600\" height=\"1268\" srcset=\"https:\/\/jiafoundationmtl.org\/wp-content\/uploads\/pdr-team-crop.jpg 1600w, https:\/\/jiafoundationmtl.org\/wp-content\/uploads\/pdr-team-crop-300x238.jpg 300w, https:\/\/jiafoundationmtl.org\/wp-content\/uploads\/pdr-team-crop-1024x812.jpg 1024w, https:\/\/jiafoundationmtl.org\/wp-content\/uploads\/pdr-team-crop-768x609.jpg 768w, https:\/\/jiafoundationmtl.org\/wp-content\/uploads\/pdr-team-crop-1536x1217.jpg 1536w\" sizes=\"auto, (max-width: 1600px) 100vw, 1600px\" \/><\/span><\/figure><\/div>\n\n\n\n<div class=\"wp-block-ugb-columns ugb-columns ugb-6666602 ugb-columns--design-grid ugb-columns--columns-6 ugb-main-block\"><div class=\"ugb-inner-block\"><div class=\"ugb-block-content\"><div class=\"ugb-columns__item ugb-6666602-content-wrapper\">\n<div class=\"wp-block-ugb-column ugb-column ugb-7a3a86d ugb-column--design-plain ugb-main-block\"><div class=\"ugb-inner-block\"><div class=\"ugb-block-content\"><div class=\"ugb-column__item ugb-7a3a86d-column-wrapper\"><div class=\"ugb-column__content-wrapper\">\n<div class=\"wp-block-stackable-heading stk-block-heading stk-block-heading--v2 stk-block stk-a521274\" id=\"melissa-lengies-br-&#x80E1;&#x7F8E;&#x73CD;\" data-block-id=\"a521274\"><style>.stk-a521274 {padding-top:0px !important;padding-right:0px !important;padding-bottom:0px !important;padding-left:0px !important;margin-bottom:10px !important;}<\/style><h5 class=\"stk-block-heading__text has-text-align-center\">Melissa Lengies<br\/>\u80e1\u7f8e\u73cd<\/h5><\/div>\n<\/div><\/div><\/div><\/div><\/div>\n\n\n\n<div class=\"wp-block-ugb-column ugb-column ugb-92c1f1e ugb-column--design-plain ugb-main-block\"><div class=\"ugb-inner-block\"><div class=\"ugb-block-content\"><div class=\"ugb-column__item ugb-92c1f1e-column-wrapper\"><div class=\"ugb-column__content-wrapper\">\n<div class=\"wp-block-stackable-heading stk-block-heading stk-block-heading--v2 stk-block stk-703a5ad\" id=\"madeleine-wong-br-&#x9EC3;&#x8A69;&#x654F;\" data-block-id=\"703a5ad\"><style>.stk-703a5ad {padding-top:0px !important;padding-right:0px !important;padding-bottom:0px !important;padding-left:0px !important;margin-bottom:10px !important;}<\/style><h5 class=\"stk-block-heading__text has-text-align-center\">Madeleine Wong<br\/>\u9ec3\u8a69\u654f<\/h5><\/div>\n<\/div><\/div><\/div><\/div><\/div>\n\n\n\n<div class=\"wp-block-ugb-column ugb-column ugb-0c4ffb9 ugb-column--design-plain ugb-main-block\"><div class=\"ugb-inner-block\"><div class=\"ugb-block-content\"><div class=\"ugb-column__item ugb-0c4ffb9-column-wrapper\"><div class=\"ugb-column__content-wrapper\">\n<div class=\"wp-block-stackable-heading stk-block-heading stk-block-heading--v2 stk-block stk-82275f9\" id=\"elizabeth-dresdner\" data-block-id=\"82275f9\"><style>.stk-82275f9 {padding-top:0px !important;padding-right:0px !important;padding-bottom:0px !important;padding-left:0px !important;margin-bottom:10px !important;}<\/style><h5 class=\"stk-block-heading__text has-text-align-center\">Elizabeth Dresdner<\/h5><\/div>\n<\/div><\/div><\/div><\/div><\/div>\n\n\n\n<div class=\"wp-block-ugb-column ugb-column ugb-22dc134 ugb-column--design-plain ugb-main-block\"><div class=\"ugb-inner-block\"><div class=\"ugb-block-content\"><div class=\"ugb-column__item ugb-22dc134-column-wrapper\"><div class=\"ugb-column__content-wrapper\">\n<div class=\"wp-block-stackable-heading stk-block-heading stk-block-heading--v2 stk-block stk-251fdf0\" id=\"jessica-chen-lead-br-&#x9673;&#x5A49;&#x745C;\" data-block-id=\"251fdf0\"><style>.stk-251fdf0 {padding-top:0px !important;padding-right:0px !important;padding-bottom:0px !important;padding-left:0px !important;margin-bottom:10px !important;}<\/style><h5 class=\"stk-block-heading__text has-text-align-center\">Jessica Chen (lead)<br\/>\u9673\u5a49\u745c<\/h5><\/div>\n<\/div><\/div><\/div><\/div><\/div>\n\n\n\n<div class=\"wp-block-ugb-column ugb-column ugb-8d45c95 ugb-column--design-plain ugb-main-block\"><div class=\"ugb-inner-block\"><div class=\"ugb-block-content\"><div class=\"ugb-column__item ugb-8d45c95-column-wrapper\"><div class=\"ugb-column__content-wrapper\">\n<div class=\"wp-block-stackable-heading stk-block-heading stk-block-heading--v2 stk-block stk-d7d5022\" id=\"theo-page-robert-br-&#x962E;&#x9752;-&#x22028;\" data-block-id=\"d7d5022\"><style>.stk-d7d5022 {padding-top:0px !important;padding-right:0px !important;padding-bottom:0px !important;padding-left:0px !important;margin-bottom:10px !important;}<\/style><h5 class=\"stk-block-heading__text has-text-align-center\">Th\u00e9o Pag\u00e9-Robert<br\/>\u962e\u9752\ud848\udc28<\/h5><\/div>\n<\/div><\/div><\/div><\/div><\/div>\n\n\n\n<div class=\"wp-block-ugb-column ugb-column ugb-7d4342d ugb-column--design-plain ugb-main-block\"><div class=\"ugb-inner-block\"><div class=\"ugb-block-content\"><div class=\"ugb-column__item ugb-7d4342d-column-wrapper\"><div class=\"ugb-column__content-wrapper\">\n<div class=\"wp-block-stackable-heading stk-block-heading stk-block-heading--v2 stk-block stk-ceb2e61\" id=\"isabel-teramura\" data-block-id=\"ceb2e61\"><style>.stk-ceb2e61 {padding-top:0px !important;padding-right:0px !important;padding-bottom:0px !important;padding-left:0px !important;margin-bottom:10px !important;}<\/style><h5 class=\"stk-block-heading__text has-text-align-center\">Isabel Teramura<\/h5><\/div>\n<\/div><\/div><\/div><\/div><\/div>\n<\/div><\/div><\/div><\/div>\n<\/div><\/div><\/div>\n<\/div><\/div>\n\n<div style=\"height:72px\" aria-hidden=\"true\" class=\"wp-block-spacer\"><\/div>\n\n<p><\/p>\n","protected":false},"excerpt":{"rendered":"<p>Am\u00e9nagement, d\u00e9veloppement &amp; recherche R\u00e9sum\u00e9 de recherche sur les outils d\u2019immobilier collectif \u300a\u96c6\u9ad4\u793e\u5340\u623f\u5730\u7522\u5de5\u5177\u300b\u7684\u7814\u7a76\u6458\u8981 La Fondation JIA a publi\u00e9 un r\u00e9sum\u00e9 de recherche pr\u00e9sentant une d\u00e9marche de recherche pr\u00e9liminaire sur le [&hellip;]<\/p>\n","protected":false},"author":2,"featured_media":0,"parent":0,"menu_order":0,"comment_status":"closed","ping_status":"closed","template":"","meta":{"_EventAllDay":false,"_EventTimezone":"","_EventStartDate":"","_EventEndDate":"","_EventStartDateUTC":"","_EventEndDateUTC":"","_EventShowMap":false,"_EventShowMapLink":false,"_EventURL":"","_EventCost":"","_EventCostDescription":"","_EventCurrencySymbol":"","_EventCurrencyCode":"","_EventCurrencyPosition":"","_EventDateTimeSeparator":"","_EventTimeRangeSeparator":"","_EventOrganizerID":[],"_EventVenueID":[],"_OrganizerEmail":"","_OrganizerPhone":"","_OrganizerWebsite":"","_VenueAddress":"","_VenueCity":"","_VenueCountry":"","_VenueProvince":"","_VenueState":"","_VenueZip":"","_VenuePhone":"","_VenueURL":"","_VenueStateProvince":"","_VenueLat":"","_VenueLng":"","_VenueShowMap":false,"_VenueShowMapLink":false,"_themeisle_gutenberg_block_has_review":false,"footnotes":""},"class_list":["post-3345","page","type-page","status-publish","hentry"],"blocksy_meta":{"has_hero_section":"disabled","styles_descriptor":{"styles":{"desktop":"","tablet":"","mobile":""},"google_fonts":[],"version":6}},"featured_image_urls_v2":{"full":"","thumbnail":"","medium":"","medium_large":"","large":"","1536x1536":"","2048x2048":"","qi_blocks_image_size_square":"","qi_blocks_image_size_landscape":"","qi_blocks_image_size_portrait":"","qi_blocks_image_size_huge_square":""},"post_excerpt_stackable_v2":"<p>Am\u00e9nagement, d\u00e9veloppement &amp; recherche R\u00e9sum\u00e9 de recherche sur les outils d\u2019immobilier collectif \u300a\u96c6\u9ad4\u793e\u5340\u623f\u5730\u7522\u5de5\u5177\u300b\u7684\u7814\u7a76\u6458\u8981 La Fondation JIA a publi\u00e9 un r\u00e9sum\u00e9 de recherche pr\u00e9sentant une d\u00e9marche de recherche pr\u00e9liminaire sur le potentiel de l\u2019immobilier collectif pour le d\u00e9veloppement \u00e9quitable au Quartier chinois. L&rsquo;\u00e9cosyst\u00e8me communautaire solide du Quartier chinois constitue un \u00e9l\u00e9ment fondamental de son patrimoine. Notre approche englobe la pr\u00e9servation des espaces et infrastructures communautaires qui accueillent les activit\u00e9s et les individus qui leur donnent du sens. Les outils d\u00e9crits dans ce r\u00e9sum\u00e9 de recherche visent \u00e0 soutenir le milieu communautaire du quartier avec des connaissances et outils pour mieux contr\u00f4ler\u2026<\/p>\n","category_list_v2":"","author_info_v2":{"name":"JIA FOUNDATION","url":"https:\/\/jiafoundationmtl.org\/fr\/author\/jia\/"},"comments_num_v2":"0 commentaire","_links":{"self":[{"href":"https:\/\/jiafoundationmtl.org\/fr\/wp-json\/wp\/v2\/pages\/3345","targetHints":{"allow":["GET"]}}],"collection":[{"href":"https:\/\/jiafoundationmtl.org\/fr\/wp-json\/wp\/v2\/pages"}],"about":[{"href":"https:\/\/jiafoundationmtl.org\/fr\/wp-json\/wp\/v2\/types\/page"}],"author":[{"embeddable":true,"href":"https:\/\/jiafoundationmtl.org\/fr\/wp-json\/wp\/v2\/users\/2"}],"replies":[{"embeddable":true,"href":"https:\/\/jiafoundationmtl.org\/fr\/wp-json\/wp\/v2\/comments?post=3345"}],"version-history":[{"count":6,"href":"https:\/\/jiafoundationmtl.org\/fr\/wp-json\/wp\/v2\/pages\/3345\/revisions"}],"predecessor-version":[{"id":3455,"href":"https:\/\/jiafoundationmtl.org\/fr\/wp-json\/wp\/v2\/pages\/3345\/revisions\/3455"}],"wp:attachment":[{"href":"https:\/\/jiafoundationmtl.org\/fr\/wp-json\/wp\/v2\/media?parent=3345"}],"curies":[{"name":"wp","href":"https:\/\/api.w.org\/{rel}","templated":true}]}}