{"id":3619,"date":"2025-09-19T11:17:12","date_gmt":"2025-09-19T15:17:12","guid":{"rendered":"https:\/\/jiafoundationmtl.org\/faire-un-don\/"},"modified":"2025-11-13T10:20:39","modified_gmt":"2025-11-13T15:20:39","slug":"faire-un-don","status":"publish","type":"page","link":"https:\/\/jiafoundationmtl.org\/fr\/faire-un-don\/","title":{"rendered":"Faire un Don"},"content":{"rendered":"\n<div style=\"height:140px\" aria-hidden=\"true\" class=\"wp-block-spacer\"><\/div>\n\n<div class=\"wp-block-stackable-heading stk-block-heading stk-block-heading--v2 stk-block stk-41f6f5a\" id=\"strong-donate-to-the-jia-foundation-strong\" data-block-id=\"41f6f5a\"><style>.stk-41f6f5a {margin-bottom:16px !important;}.stk-41f6f5a .stk-block-heading__text{line-height:1.2em !important;}<\/style><h1 class=\"stk-block-heading__text has-text-align-center\"><strong>Faire un don \u00e0 la Fondation JIA<\/strong><\/h1><\/div>\n\n<h4 class=\"wp-block-heading\">Votre don contribuera \u00e0 soutenir la mission de la Fondation JIA, qui consiste \u00e0 prot\u00e9ger et \u00e0 promouvoir le patrimoine culturel du Quartier chinois par le biais de l\u2019\u00e9ducation, de l\u2019activation des espaces et d\u2019initiatives immobili\u00e8res communautaires. Aidez-nous \u00e0 atteindre notre objectif de 50 000 $ afin de continuer l&rsquo;\u00e9laboration et la mise en \u0153uvre de <a href=\"https:\/\/jiafoundationmtl.org\/fr\/strategie-wing\/\" data-type=\"page\" data-id=\"3652\">la strat\u00e9gie Wing<\/a> et de maintenir les programmes de <a href=\"https:\/\/jiafoundationmtl.org\/fr\/maisonduquartierchinois\/\" data-type=\"page\" data-id=\"2070\">la Maison du Quartier chinois<\/a>. En tant que jeune OBNL, nous n&rsquo;avons pas de personnel permanent et nous survivons actuellement gr\u00e2ce au financement par projets et \u00e0 de nombreuses heures de b\u00e9n\u00e9volat.   <br\/>Merci pour votre soutien!<\/h4>\n\n<p><\/p>\n\n<p><strong>NB : la Fondation JIA est un organisme \u00e0 but non-lucratif au Qu\u00e9bec et ne peut \u00e9mettre de re\u00e7us fiscaux.<\/strong><\/p>\n\n<div style=\"height:100px\" aria-hidden=\"true\" class=\"wp-block-spacer\"><\/div>\n\n<div class=\"wp-block-stackable-button-group alignfull stk-block-button-group stk-block stk-949e3ac\" data-block-id=\"949e3ac\"><style>.stk-949e3ac {min-height:91px !important;}<\/style><div class=\"stk-row stk-inner-blocks has-text-align-center stk-block-content stk-button-group\">\n<div class=\"wp-block-stackable-button stk-block-button is-style-ghost stk-block stk-b0eea40\" data-block-id=\"b0eea40\"><style>.stk-b0eea40 {min-height:0px !important;}.stk-b0eea40 .stk-button{min-height:60px !important;background:transparent !important;}.stk-b0eea40 .stk-button:hover:after{background:transparent !important;opacity:1 !important;}:where(.stk-hover-parent:hover,  .stk-hover-parent.stk--is-hovered) .stk-b0eea40 .stk-button:after{background:transparent !important;opacity:1 !important;}.stk-b0eea40 .stk-button:before{border-style:solid !important;}<\/style><a class=\"stk-link stk-button stk--hover-effect-darken\" href=\"https:\/\/www.zeffy.com\/fr-CA\/donation-form\/soutenez-la-fondation-jia\" title=\"Faire un don\" target=\"_blank\" rel=\"noreferrer noopener\"><span class=\"stk-button__inner-text\">Faire un don<\/span><\/a><\/div>\n<\/div><\/div>\n\n<div style=\"position:relative;overflow:hidden;height:888px;width:100%;\"><iframe title=\"Formulaire fourni par Zeffy\" style=\"position: absolute; border: 0; top:0;left:0;bottom:0;right:0;width:100%;height:100%\" src=\"https:\/\/www.zeffy.com\/embed\/donation-form\/soutenez-la-fondation-jia\" allowpaymentrequest=\"\" allowtransparency=\"true\"><\/iframe><\/div>\n\n<div class=\"wp-block-media-text is-stacked-on-mobile\" style=\"grid-template-columns:38% auto\"><figure class=\"wp-block-media-text__media\"><img loading=\"lazy\" decoding=\"async\" width=\"791\" height=\"1024\" src=\"https:\/\/jiafoundationmtl.org\/wp-content\/uploads\/\/Untitled-design-1-1-791x1024.png\" alt=\"\" class=\"wp-image-3799 size-full\" srcset=\"https:\/\/jiafoundationmtl.org\/wp-content\/uploads\/Untitled-design-1-1-791x1024.png 791w, https:\/\/jiafoundationmtl.org\/wp-content\/uploads\/Untitled-design-1-1-232x300.png 232w, https:\/\/jiafoundationmtl.org\/wp-content\/uploads\/Untitled-design-1-1-768x994.png 768w, https:\/\/jiafoundationmtl.org\/wp-content\/uploads\/Untitled-design-1-1.png 966w\" sizes=\"auto, (max-width: 791px) 100vw, 791px\" \/><\/figure><div class=\"wp-block-media-text__content\">\n<p>Faites un don \u00e0 la Fondation JIA et obtenez votre copie de notre catalogue d&rsquo;exposition!<\/p>\n\n\n\n<p>Quand JIA a emm\u00e9nag\u00e9 au 116 de la Gaucheti\u00e8re Ouest au printemps 2025, on savait que notre premi\u00e8re exposition dans la nouvelle Maison du Quartier chinois devait porter sur le b\u00e2timent lui-m\u00eame. Cette histoire fascinante de r\u00e9sistance \u00e0 travers les \u00e9poques est pr\u00e9sent\u00e9e \u00e0 travers notre exposition <em><strong>La maison Yep-Riopel: Une histoire entrem\u00eal\u00e9e de r\u00e9sistance et d\u2019appartenance<\/strong><\/em>, ouverte au public \u00e0 toutes les semaines, beau temps mauvais temps, depuis maintenant plus de 7 mois. <\/p>\n\n\n\n<p>Cette toute premi\u00e8re exposition tire \u00e0 sa fin, mais les histoires qu\u2019elle contient seront immortalis\u00e9es dans notre nouveau catalogue d\u2019exposition, qui contient une foule de contenu suppl\u00e9mentaire sur la cr\u00e9ation de l\u2019exposition, de t\u00e9moignages de personnes impliqu\u00e9es et de visiteur-euses, ainsi que d\u2019\u00e9changes entre les membres de l&rsquo;\u00e9quipe d&rsquo;exposition Sandy Yep, Karen Cho et Jean-Philippe Riopel tir\u00e9s des discussions Au bord du foyer \u00e0 la Maison du Quartier chinois.<\/p>\n\n\n\n<p>Tous les dons de 60$ ou plus \u00e0 la Fondation JIA vous permettront d&rsquo;obtenir une copie du catalogue.<\/p>\n\n\n\n<p><sub>Par ailleurs, il nous reste encore quelques copies du livre<em>The Paper Trail to the 1923 Exclusion Act<\/em> de Catherine Clement, \u00e9galement disponibles aux donateurs et donatrices de 60$ ou plus. Si vous avez d\u00e9j\u00e0 command\u00e9 votre copie, veuillez envoyer un courriel \u00e0 <a href=\"mailto:info@jiafoundationmtl.org\">info@jiafoundationmtl.org<\/a> pour coordonner le ramassage. <\/sub><\/p>\n\n\n\n<div class=\"wp-block-qi-blocks-button qodef-block-container qodef-block-ddd8605f\"><a class=\"qi-block-button qodef-block qodef-m qodef-layout--filled qodef-type--standard qodef-hover--icon-move-horizontal-short\" href=\"https:\/\/jiafoundationmtl.org\/event\/exhibition-catalogue-launch-maison-yep-riopel\/\"><span class=\"qodef-m-text\">View Event<\/span><\/a><\/div>\n<\/div><\/div>\n\n<div style=\"height:100px\" aria-hidden=\"true\" class=\"wp-block-spacer\"><\/div>\n","protected":false},"excerpt":{"rendered":"<p>Faire un don \u00e0 la Fondation JIA Votre don contribuera \u00e0 soutenir la mission de la Fondation JIA, qui consiste \u00e0 prot\u00e9ger et \u00e0 promouvoir le patrimoine culturel du Quartier [&hellip;]<\/p>\n","protected":false},"author":2,"featured_media":3473,"parent":0,"menu_order":0,"comment_status":"closed","ping_status":"closed","template":"","meta":{"_EventAllDay":false,"_EventTimezone":"","_EventStartDate":"","_EventEndDate":"","_EventStartDateUTC":"","_EventEndDateUTC":"","_EventShowMap":false,"_EventShowMapLink":false,"_EventURL":"","_EventCost":"","_EventCostDescription":"","_EventCurrencySymbol":"","_EventCurrencyCode":"","_EventCurrencyPosition":"","_EventDateTimeSeparator":"","_EventTimeRangeSeparator":"","_EventOrganizerID":[],"_EventVenueID":[],"_OrganizerEmail":"","_OrganizerPhone":"","_OrganizerWebsite":"","_VenueAddress":"","_VenueCity":"","_VenueCountry":"","_VenueProvince":"","_VenueState":"","_VenueZip":"","_VenuePhone":"","_VenueURL":"","_VenueStateProvince":"","_VenueLat":"","_VenueLng":"","_VenueShowMap":false,"_VenueShowMapLink":false,"_themeisle_gutenberg_block_has_review":false,"footnotes":""},"class_list":["post-3619","page","type-page","status-publish","has-post-thumbnail","hentry"],"blocksy_meta":{"has_hero_section":"disabled","styles_descriptor":{"styles":{"desktop":"","tablet":"","mobile":""},"google_fonts":[],"version":6}},"featured_image_urls_v2":{"full":["https:\/\/jiafoundationmtl.org\/wp-content\/uploads\/Logo-rose-FR.png",1274,565,false],"thumbnail":["https:\/\/jiafoundationmtl.org\/wp-content\/uploads\/Logo-rose-FR-150x150.png",150,150,true],"medium":["https:\/\/jiafoundationmtl.org\/wp-content\/uploads\/Logo-rose-FR-300x133.png",300,133,true],"medium_large":["https:\/\/jiafoundationmtl.org\/wp-content\/uploads\/Logo-rose-FR-768x341.png",768,341,true],"large":["https:\/\/jiafoundationmtl.org\/wp-content\/uploads\/Logo-rose-FR-1024x454.png",1024,454,true],"1536x1536":["https:\/\/jiafoundationmtl.org\/wp-content\/uploads\/Logo-rose-FR.png",1274,565,false],"2048x2048":["https:\/\/jiafoundationmtl.org\/wp-content\/uploads\/Logo-rose-FR.png",1274,565,false],"qi_blocks_image_size_square":["https:\/\/jiafoundationmtl.org\/wp-content\/uploads\/Logo-rose-FR-650x565.png",650,565,true],"qi_blocks_image_size_landscape":["https:\/\/jiafoundationmtl.org\/wp-content\/uploads\/Logo-rose-FR.png",1274,565,false],"qi_blocks_image_size_portrait":["https:\/\/jiafoundationmtl.org\/wp-content\/uploads\/Logo-rose-FR-650x565.png",650,565,true],"qi_blocks_image_size_huge_square":["https:\/\/jiafoundationmtl.org\/wp-content\/uploads\/Logo-rose-FR.png",1274,565,false]},"post_excerpt_stackable_v2":"<p>Faire un don \u00e0 la Fondation JIA Votre don contribuera \u00e0 soutenir la mission de la Fondation JIA, qui consiste \u00e0 prot\u00e9ger et \u00e0 promouvoir le patrimoine culturel du Quartier chinois par le biais de l\u2019\u00e9ducation, de l\u2019activation des espaces et d\u2019initiatives immobili\u00e8res communautaires. Aidez-nous \u00e0 atteindre notre objectif de 50 000 $ afin de continuer l&rsquo;\u00e9laboration et la mise en \u0153uvre de la strat\u00e9gie Wing et de maintenir les programmes de la Maison du Quartier chinois. En tant que jeune OBNL, nous n&rsquo;avons pas de personnel permanent et nous survivons actuellement gr\u00e2ce au financement par projets et \u00e0 de\u2026<\/p>\n","category_list_v2":"","author_info_v2":{"name":"JIA FOUNDATION","url":"https:\/\/jiafoundationmtl.org\/fr\/author\/jia\/"},"comments_num_v2":"0 commentaire","_links":{"self":[{"href":"https:\/\/jiafoundationmtl.org\/fr\/wp-json\/wp\/v2\/pages\/3619","targetHints":{"allow":["GET"]}}],"collection":[{"href":"https:\/\/jiafoundationmtl.org\/fr\/wp-json\/wp\/v2\/pages"}],"about":[{"href":"https:\/\/jiafoundationmtl.org\/fr\/wp-json\/wp\/v2\/types\/page"}],"author":[{"embeddable":true,"href":"https:\/\/jiafoundationmtl.org\/fr\/wp-json\/wp\/v2\/users\/2"}],"replies":[{"embeddable":true,"href":"https:\/\/jiafoundationmtl.org\/fr\/wp-json\/wp\/v2\/comments?post=3619"}],"version-history":[{"count":13,"href":"https:\/\/jiafoundationmtl.org\/fr\/wp-json\/wp\/v2\/pages\/3619\/revisions"}],"predecessor-version":[{"id":3826,"href":"https:\/\/jiafoundationmtl.org\/fr\/wp-json\/wp\/v2\/pages\/3619\/revisions\/3826"}],"wp:featuredmedia":[{"embeddable":true,"href":"https:\/\/jiafoundationmtl.org\/fr\/wp-json\/wp\/v2\/media\/3473"}],"wp:attachment":[{"href":"https:\/\/jiafoundationmtl.org\/fr\/wp-json\/wp\/v2\/media?parent=3619"}],"curies":[{"name":"wp","href":"https:\/\/api.w.org\/{rel}","templated":true}]}}